{"id":17641,"date":"2022-03-04T12:20:05","date_gmt":"2022-03-04T11:20:05","guid":{"rendered":"https:\/\/digitalconstruction.be\/?page_id=17641"},"modified":"2022-12-02T14:54:16","modified_gmt":"2022-12-02T13:54:16","slug":"techcom","status":"publish","type":"page","link":"https:\/\/digitalconstruction.be\/nl\/techcom\/","title":{"rendered":"TechCom"},"content":{"rendered":"\t\t<div data-elementor-type=\"wp-page\" data-elementor-id=\"17641\" class=\"elementor elementor-17641\" data-elementor-post-type=\"page\">\n\t\t\t\t\t\t<section class=\"has_ae_slider elementor-section elementor-top-section elementor-element elementor-element-2bf3fe3 elementor-section-boxed elementor-section-height-default elementor-section-height-default ae-bg-gallery-type-default\" data-id=\"2bf3fe3\" data-element_type=\"section\" data-e-type=\"section\">\n\t\t\t\t\t\t<div class=\"elementor-container elementor-column-gap-default\">\n\t\t\t\t\t<div class=\"has_ae_slider elementor-column elementor-col-100 elementor-top-column elementor-element elementor-element-227bb9c ae-bg-gallery-type-default\" data-id=\"227bb9c\" data-element_type=\"column\" data-e-type=\"column\">\n\t\t\t<div class=\"elementor-widget-wrap elementor-element-populated\">\n\t\t\t\t\t\t<div class=\"elementor-element elementor-element-327c6a4 elementor-widget elementor-widget-heading\" data-id=\"327c6a4\" data-element_type=\"widget\" data-e-type=\"widget\" data-widget_type=\"heading.default\">\n\t\t\t\t<div class=\"elementor-widget-container\">\n\t\t\t\t\t<h1 class=\"elementor-heading-title elementor-size-default\">Op zoek naar een fabrikant, leverancier of dienstverlening? Gebruik Techcom!<\/h1>\t\t\t\t<\/div>\n\t\t\t\t<\/div>\n\t\t\t\t<div class=\"elementor-element elementor-element-76b7189 elementor-widget elementor-widget-text-editor\" data-id=\"76b7189\" data-element_type=\"widget\" data-e-type=\"widget\" data-widget_type=\"text-editor.default\">\n\t\t\t\t<div class=\"elementor-widget-container\">\n\t\t\t\t\t\t\t\t\t<ul><li>ALGEMEEN: <a href=\"https:\/\/www.wtcb.be\/bouwproducten\/\" target=\"_blank\" rel=\"noopener\">TechCom<\/a><ul><li>Virtual en augmented reality:<ul><li><a href=\"https:\/\/www.wtcb.be\/bouwproducten\/zoeken\/?category=Digitale+technologie%c3%abn+voor+de+bouwsector+%3a+virtual%2c+augmented+of+mixed+reality\" target=\"_blank\" rel=\"noopener\">Digitale technologie\u00ebn voor de bouwsector : virtual, augmented of mixed reality<\/a>\u00a0<\/li><\/ul><\/li><li>Exoskeletten<ul><li><a href=\"https:\/\/www.wtcb.be\/bouwproducten\/zoeken\/?category=Digitale+technologie%c3%abn+voor+de+bouwsector+%3a+exoskeletten+(actieve+ondersteuning)\" target=\"_blank\" rel=\"noopener\">Digitale technologie\u00ebn voor de bouwsector : exoskeletten (actieve ondersteuning)<\/a><\/li><li><a href=\"https:\/\/www.wtcb.be\/bouwproducten\/zoeken\/?category=Digitale+technologie%c3%abn+voor+de+bouwsector+%3a+exoskeletten+(passieve+ondersteuning)\" target=\"_blank\" rel=\"noopener\">Digitale technologie\u00ebn voor de bouwsector : exoskeletten (passieve ondersteuning)<\/a><\/li><\/ul><\/li><li>3D-printing<ul><li><a href=\"https:\/\/www.wtcb.be\/bouwproducten\/zoeken\/?category=Digitale+technologie%c3%abn+voor+de+bouwsector+%3a+3D-betonprinting\" target=\"_blank\" rel=\"noopener\">Digitale technologie\u00ebn voor de bouwsector : 3D-betonprinting<\/a><\/li><li><a href=\"https:\/\/www.wtcb.be\/bouwproducten\/zoeken\/?category=Digitale+technologie%c3%abn+voor+de+bouwsector+%3a+3D-betonprintmachines\" target=\"_blank\" rel=\"noopener\">Digitale technologie\u00ebn voor de bouwsector : 3D-betonprintmachines<\/a><\/li><\/ul><\/li><li>Internet of Things -&gt; geen data<\/li><li>Kunstmatige intelligentie -&gt; geen data<\/li><li>Drones<ul><li><a href=\"https:\/\/www.wtcb.be\/bouwproducten\/zoeken\/?category=Digitale+technologie%c3%abn+voor+de+bouwsector+%3a+drones\" target=\"_blank\" rel=\"noopener\">Digitale technologie\u00ebn voor de bouwsector : drones<\/a><\/li><li><a href=\"https:\/\/www.wtcb.be\/bouwproducten\/zoeken\/?category=Digitale+technologie%c3%abn+voor+de+bouwsector+%3a+controle+v.+bouwwerken+dmv+drones\" target=\"_blank\" rel=\"noopener\">Digitale technologie\u00ebn voor de bouwsector : controle v. bouwwerken dmv drones<\/a><\/li><li><a href=\"https:\/\/www.wtcb.be\/bouwproducten\/zoeken\/?category=Informatie+betreffende+de+belgische+erkende+bedrijven+en+instellingen+actief+in+de+onbemande+luchtvaartsector+(drones)\" target=\"_blank\" rel=\"noopener\">Informatie betreffende de belgische erkende bedrijven en instellingen actief in de onbemande luchtvaartsector (drones)<\/a><\/li><\/ul><\/li><li>Fotogrammetrie<ul><li><a href=\"https:\/\/www.wtcb.be\/bouwproducten\/zoeken\/?category=Digitale+technologie%c3%abn+voor+de+bouwsector+%3a+fotogrammetrie-software\" target=\"_blank\" rel=\"noopener\">Digitale technologie\u00ebn voor de bouwsector : fotogrammetrie-software<\/a><\/li><\/ul><\/li><li>Laserscanning<ul><li><a href=\"https:\/\/www.wtcb.be\/bouwproducten\/zoeken\/?category=Digitale+technologie%c3%abn+voor+de+bouwsector+%3a+3D-laserscanners\" target=\"_blank\" rel=\"noopener\">Digitale technologie\u00ebn voor de bouwsector : 3D-laserscanners<\/a><\/li><li><a href=\"https:\/\/www.wtcb.be\/bouwproducten\/zoeken\/?category=Digitale+technologie%c3%abn+voor+de+bouwsector+%3a+3D-laserscanning\" target=\"_blank\" rel=\"noopener\">Digitale technologie\u00ebn voor de bouwsector : 3D-laserscanning<\/a><\/li><li><a href=\"https:\/\/www.wtcb.be\/bouwproducten\/zoeken\/?category=Digitale+technologie%c3%abn+voor+de+bouwsector+%3a+softwaretoepassingen+voor+3D-scanning\" target=\"_blank\" rel=\"noopener\">Digitale technologie\u00ebn voor de bouwsector : softwaretoepassingen voor 3D-scanning<\/a><\/li><\/ul><\/li><li>BIM<ul><li><a href=\"https:\/\/www.wtcb.be\/bouwproducten\/zoeken\/?category=Digitale+technologie%c3%abn+voor+de+bouwsector+%3a+modelviewers\" target=\"_blank\" rel=\"noopener\">Digitale technologie\u00ebn voor de bouwsector : modelviewers<\/a><\/li><li><a href=\"https:\/\/www.wtcb.be\/bouwproducten\/zoeken\/?category=Digitale+technologie%c3%abn+voor+de+bouwsector+%3a+building+information+modelling+(bim-software)\" target=\"_blank\" rel=\"noopener\">Digitale technologie\u00ebn voor de bouwsector : building information modelling (bim-software)<\/a><\/li><li><a href=\"https:\/\/www.wtcb.be\/bouwproducten\/zoeken\/?category=Digitale+technologie%c3%abn+voor+de+bouwsector+%3a+softwaretoepassingen+voor+bim-objecten\" target=\"_blank\" rel=\"noopener\">Digitale technologie\u00ebn voor de bouwsector : softwaretoepassingen voor bim-objecten<\/a><\/li><li><a href=\"https:\/\/www.wtcb.be\/bouwproducten\/zoeken\/?category=Digitale+technologie%c3%abn+voor+de+bouwsector+%3a+softwaretoepassingen+voor+kosten+(5d)\" target=\"_blank\" rel=\"noopener\">Digitale technologie\u00ebn voor de bouwsector : softwaretoepassingen voor kosten (5d)<\/a><\/li><li><a href=\"https:\/\/www.wtcb.be\/bouwproducten\/zoeken\/?category=Digitale+technologie%c3%abn+voor+de+bouwsector+%3a+softwaretoepassingen+voor+bestekken\" target=\"_blank\" rel=\"noopener\">Digitale technologie\u00ebn voor de bouwsector : softwaretoepassingen voor bestekken<\/a><\/li><li><a href=\"https:\/\/www.wtcb.be\/bouwproducten\/zoeken\/?category=Digitale+technologie%c3%abn+voor+de+bouwsector+%3a+softwaretoepassingen+voor+energiesimulaties\" target=\"_blank\" rel=\"noopener\">Digitale technologie\u00ebn voor de bouwsector : softwaretoepassingen voor energiesimulaties<\/a><\/li><li><a href=\"https:\/\/www.wtcb.be\/bouwproducten\/zoeken\/?category=Digitale+technologie%c3%abn+voor+de+bouwsector+%3a+softwaretoepassingen+voor+facility+management\" target=\"_blank\" rel=\"noopener\">Digitale technologie\u00ebn voor de bouwsector : softwaretoepassingen voor facility management<\/a><\/li><li><a href=\"https:\/\/www.wtcb.be\/bouwproducten\/zoeken\/?category=Digitale+technologie%c3%abn+voor+de+bouwsector+%3a+softwaretoepassingen+voor+cloud-based+samenwerking\" target=\"_blank\" rel=\"noopener\">Digitale technologie\u00ebn voor de bouwsector : softwaretoepassingen voor cloud-based samenwerking<\/a><\/li><li><a href=\"https:\/\/www.wtcb.be\/bouwproducten\/zoeken\/?category=Digitale+technologie%c3%abn+voor+de+bouwsector+%3a+softwaretoepassingen+voor+het+architecturaal+modelleren\" target=\"_blank\" rel=\"noopener\">Digitale technologie\u00ebn voor de bouwsector : softwaretoepassingen voor het architecturaal modelleren<\/a><\/li><li><a href=\"https:\/\/www.wtcb.be\/bouwproducten\/zoeken\/?category=Digitale+technologie%c3%abn+voor+de+bouwsector+%3a+softwaretoepassingen+voor+fabricatie+(voorbereiding)\" target=\"_blank\" rel=\"noopener\">Digitale technologie\u00ebn voor de bouwsector : softwaretoepassingen voor fabricatie (voorbereiding)<\/a><\/li><li><a href=\"https:\/\/www.wtcb.be\/bouwproducten\/zoeken\/?category=Digitale+technologie%c3%abn+voor+de+bouwsector+%3a+softwaretoepassingen+voor+mep+(mechanical%2c+electrical+and+plumbing)\" target=\"_blank\" rel=\"noopener\">Digitale technologie\u00ebn voor de bouwsector : softwaretoepassingen voor mep (mechanical, electrical and plumbing)<\/a><\/li><li><a href=\"https:\/\/www.wtcb.be\/bouwproducten\/zoeken\/?category=Digitale+technologie%c3%abn+voor+de+bouwsector+%3a+softwaretoepassingen+voor+structuur-+en+stabiliteitsontwerp\" target=\"_blank\" rel=\"noopener\">Digitale technologie\u00ebn voor de bouwsector : softwaretoepassingen voor structuur- en stabiliteitsontwerp<\/a><\/li><li><a href=\"https:\/\/www.wtcb.be\/bouwproducten\/zoeken\/?category=Digitale+technologie%c3%abn+voor+de+bouwsector+%3a+softwaretoepassingen+voor+algemene+co%c3%b6rdinatie%2c+modelcontrole%2c+planning+(4d)+en+uitvoering\" target=\"_blank\" rel=\"noopener\">Digitale technologie\u00ebn voor de bouwsector : softwaretoepassingen voor algemene co\u00f6rdinatie, modelcontrole, planning (4d) en uitvoering<\/a><\/li><\/ul><\/li><\/ul><\/li><\/ul>\t\t\t\t\t\t\t\t<\/div>\n\t\t\t\t<\/div>\n\t\t\t\t\t<\/div>\n\t\t<\/div>\n\t\t\t\t\t<\/div>\n\t\t<\/section>\n\t\t\t\t<\/div>\n\t\t","protected":false},"excerpt":{"rendered":"<p>Op zoek naar een fabrikant, leverancier of dienstverlening? Gebruik Techcom! ALGEMEEN: TechCom Virtual en augmented reality: Digitale technologie\u00ebn voor de bouwsector : virtual, augmented of mixed reality\u00a0 Exoskeletten Digitale technologie\u00ebn voor de bouwsector : exoskeletten (actieve ondersteuning) Digitale technologie\u00ebn voor de bouwsector : exoskeletten (passieve ondersteuning) 3D-printing Digitale technologie\u00ebn voor de bouwsector : 3D-betonprinting Digitale [&hellip;]<\/p>\n","protected":false},"author":14,"featured_media":0,"parent":0,"menu_order":0,"comment_status":"closed","ping_status":"closed","template":"","meta":{"content-type":"","_oasis_is_in_workflow":0,"_oasis_original":0,"site-sidebar-layout":"no-sidebar","site-content-layout":"page-builder","ast-site-content-layout":"default","site-content-style":"default","site-sidebar-style":"default","ast-global-header-display":"","ast-banner-title-visibility":"","ast-main-header-display":"","ast-hfb-above-header-display":"","ast-hfb-below-header-display":"","ast-hfb-mobile-header-display":"","site-post-title":"disabled","ast-breadcrumbs-content":"","ast-featured-img":"disabled","footer-sml-layout":"","ast-disable-related-posts":"","theme-transparent-header-meta":"","adv-header-id-meta":"","stick-header-meta":"","header-above-stick-meta":"","header-main-stick-meta":"","header-below-stick-meta":"","astra-migrate-meta-layouts":"default","ast-page-background-enabled":"default","ast-page-background-meta":{"desktop":{"background-color":"","background-image":"","background-repeat":"repeat","background-position":"center center","background-size":"auto","background-attachment":"scroll","background-type":"","background-media":"","overlay-type":"","overlay-color":"","overlay-opacity":"","overlay-gradient":""},"tablet":{"background-color":"","background-image":"","background-repeat":"repeat","background-position":"center center","background-size":"auto","background-attachment":"scroll","background-type":"","background-media":"","overlay-type":"","overlay-color":"","overlay-opacity":"","overlay-gradient":""},"mobile":{"background-color":"","background-image":"","background-repeat":"repeat","background-position":"center center","background-size":"auto","background-attachment":"scroll","background-type":"","background-media":"","overlay-type":"","overlay-color":"","overlay-opacity":"","overlay-gradient":""}},"ast-content-background-meta":{"desktop":{"background-color":"var(--ast-global-color-5)","background-image":"","background-repeat":"repeat","background-position":"center center","background-size":"auto","background-attachment":"scroll","background-type":"","background-media":"","overlay-type":"","overlay-color":"","overlay-opacity":"","overlay-gradient":""},"tablet":{"background-color":"var(--ast-global-color-5)","background-image":"","background-repeat":"repeat","background-position":"center center","background-size":"auto","background-attachment":"scroll","background-type":"","background-media":"","overlay-type":"","overlay-color":"","overlay-opacity":"","overlay-gradient":""},"mobile":{"background-color":"var(--ast-global-color-5)","background-image":"","background-repeat":"repeat","background-position":"center center","background-size":"auto","background-attachment":"scroll","background-type":"","background-media":"","overlay-type":"","overlay-color":"","overlay-opacity":"","overlay-gradient":""}},"footnotes":""},"class_list":["post-17641","page","type-page","status-publish","hentry"],"_links":{"self":[{"href":"https:\/\/digitalconstruction.be\/nl\/wp-json\/wp\/v2\/pages\/17641","targetHints":{"allow":["GET"]}}],"collection":[{"href":"https:\/\/digitalconstruction.be\/nl\/wp-json\/wp\/v2\/pages"}],"about":[{"href":"https:\/\/digitalconstruction.be\/nl\/wp-json\/wp\/v2\/types\/page"}],"author":[{"embeddable":true,"href":"https:\/\/digitalconstruction.be\/nl\/wp-json\/wp\/v2\/users\/14"}],"replies":[{"embeddable":true,"href":"https:\/\/digitalconstruction.be\/nl\/wp-json\/wp\/v2\/comments?post=17641"}],"version-history":[{"count":20,"href":"https:\/\/digitalconstruction.be\/nl\/wp-json\/wp\/v2\/pages\/17641\/revisions"}],"predecessor-version":[{"id":20321,"href":"https:\/\/digitalconstruction.be\/nl\/wp-json\/wp\/v2\/pages\/17641\/revisions\/20321"}],"wp:attachment":[{"href":"https:\/\/digitalconstruction.be\/nl\/wp-json\/wp\/v2\/media?parent=17641"}],"curies":[{"name":"wp","href":"https:\/\/api.w.org\/{rel}","templated":true}]}}