{"id":4544,"date":"2020-08-21T08:40:43","date_gmt":"2020-08-21T06:40:43","guid":{"rendered":"https:\/\/digitalconstruction.be\/digital-construction\/"},"modified":"2022-12-02T15:58:09","modified_gmt":"2022-12-02T14:58:09","slug":"digital-construction","status":"publish","type":"page","link":"https:\/\/digitalconstruction.be\/fr\/digital-construction\/","title":{"rendered":"Digital Construction"},"content":{"rendered":"\t\t<div data-elementor-type=\"wp-page\" data-elementor-id=\"4544\" class=\"elementor elementor-4544 elementor-976\" data-elementor-post-type=\"page\">\n\t\t\t\t\t\t<section class=\"has_ae_slider elementor-section elementor-top-section elementor-element elementor-element-248166a elementor-section-boxed elementor-section-height-default elementor-section-height-default ae-bg-gallery-type-default\" data-id=\"248166a\" data-element_type=\"section\" data-e-type=\"section\">\n\t\t\t\t\t\t<div class=\"elementor-container elementor-column-gap-default\">\n\t\t\t\t\t<div class=\"has_ae_slider elementor-column elementor-col-100 elementor-top-column elementor-element elementor-element-080251b ae-bg-gallery-type-default\" data-id=\"080251b\" data-element_type=\"column\" data-e-type=\"column\">\n\t\t\t<div class=\"elementor-widget-wrap elementor-element-populated\">\n\t\t\t\t\t\t<div class=\"elementor-element elementor-element-6078cdf elementor-widget elementor-widget-heading\" data-id=\"6078cdf\" data-element_type=\"widget\" data-e-type=\"widget\" data-widget_type=\"heading.default\">\n\t\t\t\t<div class=\"elementor-widget-container\">\n\t\t\t\t\t<h2 class=\"elementor-heading-title elementor-size-default\">Initiative<\/h2>\t\t\t\t<\/div>\n\t\t\t\t<\/div>\n\t\t\t\t<div class=\"elementor-element elementor-element-c69da94 elementor-widget elementor-widget-text-editor\" data-id=\"c69da94\" data-element_type=\"widget\" data-e-type=\"widget\" data-widget_type=\"text-editor.default\">\n\t\t\t\t<div class=\"elementor-widget-container\">\n\t\t\t\t\t\t\t\t\t<p>Digital Construction est un terme g\u00e9n\u00e9rique utilis\u00e9 pour regrouper toutes sortes d\u2019actions li\u00e9es \u00e0 la num\u00e9risation dans le secteur de la construction et les rendre reconnaissables pour les professionnels. Il s\u2019agit d\u2019une initiative de <a href=\"https:\/\/www.buildwise.be\/fr\/\" target=\"_blank\" rel=\"noopener\">Buildwise<\/a>.<\/p>\t\t\t\t\t\t\t\t<\/div>\n\t\t\t\t<\/div>\n\t\t\t\t\t<\/div>\n\t\t<\/div>\n\t\t\t\t\t<\/div>\n\t\t<\/section>\n\t\t\t\t<section class=\"has_ae_slider elementor-section elementor-top-section elementor-element elementor-element-67db75a elementor-section-boxed elementor-section-height-default elementor-section-height-default ae-bg-gallery-type-default\" data-id=\"67db75a\" data-element_type=\"section\" data-e-type=\"section\" data-settings=\"{&quot;background_background&quot;:&quot;classic&quot;}\">\n\t\t\t\t\t\t<div class=\"elementor-container elementor-column-gap-default\">\n\t\t\t\t\t<div class=\"has_ae_slider elementor-column elementor-col-100 elementor-top-column elementor-element elementor-element-bf95fe4 ae-bg-gallery-type-default\" data-id=\"bf95fe4\" data-element_type=\"column\" data-e-type=\"column\">\n\t\t\t<div class=\"elementor-widget-wrap elementor-element-populated\">\n\t\t\t\t\t\t<div class=\"elementor-element elementor-element-cf67b60 elementor-widget elementor-widget-heading\" data-id=\"cf67b60\" data-element_type=\"widget\" data-e-type=\"widget\" data-widget_type=\"heading.default\">\n\t\t\t\t<div class=\"elementor-widget-container\">\n\t\t\t\t\t<h2 class=\"elementor-heading-title elementor-size-default\">Objectifs<\/h2>\t\t\t\t<\/div>\n\t\t\t\t<\/div>\n\t\t\t\t<div class=\"elementor-element elementor-element-0ca22cb elementor-widget elementor-widget-text-editor\" data-id=\"0ca22cb\" data-element_type=\"widget\" data-e-type=\"widget\" data-widget_type=\"text-editor.default\">\n\t\t\t\t<div class=\"elementor-widget-container\">\n\t\t\t\t\t\t\t\t\t<p>L\u2019initiative \u2018Digital Construction\u2019 vise \u00e0 promouvoir la num\u00e9risation dans le secteur de la construction et \u00e0 soutenir et guider les professionnels dans cette voie. Ce faisant, il importe \u00e0 la fois d\u2019examiner ce qui est disponible aujourd\u2019hui et de se tourner vers l\u2019avenir.<\/p>\n\t\t\t\t\t\t\t\t<\/div>\n\t\t\t\t<\/div>\n\t\t\t\t\t<\/div>\n\t\t<\/div>\n\t\t\t\t\t<\/div>\n\t\t<\/section>\n\t\t\t\t<section class=\"has_ae_slider elementor-section elementor-top-section elementor-element elementor-element-cd35c31 elementor-section-boxed elementor-section-height-default elementor-section-height-default ae-bg-gallery-type-default\" data-id=\"cd35c31\" data-element_type=\"section\" data-e-type=\"section\">\n\t\t\t\t\t\t<div class=\"elementor-container elementor-column-gap-default\">\n\t\t\t\t\t<div class=\"has_ae_slider elementor-column elementor-col-100 elementor-top-column elementor-element elementor-element-d18287e ae-bg-gallery-type-default\" data-id=\"d18287e\" data-element_type=\"column\" data-e-type=\"column\">\n\t\t\t<div class=\"elementor-widget-wrap elementor-element-populated\">\n\t\t\t\t\t\t<div class=\"elementor-element elementor-element-2ee5dc6 elementor-widget elementor-widget-heading\" data-id=\"2ee5dc6\" data-element_type=\"widget\" data-e-type=\"widget\" data-widget_type=\"heading.default\">\n\t\t\t\t<div class=\"elementor-widget-container\">\n\t\t\t\t\t<h2 class=\"elementor-heading-title elementor-size-default\">Actions<\/h2>\t\t\t\t<\/div>\n\t\t\t\t<\/div>\n\t\t\t\t<div class=\"elementor-element elementor-element-1034f6b elementor-widget elementor-widget-text-editor\" data-id=\"1034f6b\" data-element_type=\"widget\" data-e-type=\"widget\" data-widget_type=\"text-editor.default\">\n\t\t\t\t<div class=\"elementor-widget-container\">\n\t\t\t\t\t\t\t\t\t<p>Les actions dans le cadre de la num\u00e9risation se concentrent sur les applications dans le secteur de la construction et visent une plus grande efficacit\u00e9 et une meilleure qualit\u00e9. La num\u00e9risation n\u2019est pas une fin en soi, mais offre des outils suppl\u00e9mentaires pour y parvenir.<\/p>\n\t\t\t\t\t\t\t\t<\/div>\n\t\t\t\t<\/div>\n\t\t\t\t\t<\/div>\n\t\t<\/div>\n\t\t\t\t\t<\/div>\n\t\t<\/section>\n\t\t\t\t<section class=\"has_ae_slider elementor-section elementor-top-section elementor-element elementor-element-864e170 elementor-section-boxed elementor-section-height-default elementor-section-height-default ae-bg-gallery-type-default\" data-id=\"864e170\" data-element_type=\"section\" data-e-type=\"section\" data-settings=\"{&quot;background_background&quot;:&quot;classic&quot;}\">\n\t\t\t\t\t\t<div class=\"elementor-container elementor-column-gap-default\">\n\t\t\t\t\t<div class=\"has_ae_slider elementor-column elementor-col-100 elementor-top-column elementor-element elementor-element-88523b3 ae-bg-gallery-type-default\" data-id=\"88523b3\" data-element_type=\"column\" data-e-type=\"column\">\n\t\t\t<div class=\"elementor-widget-wrap elementor-element-populated\">\n\t\t\t\t\t\t<div class=\"elementor-element elementor-element-d417ff7 elementor-widget elementor-widget-heading\" data-id=\"d417ff7\" data-element_type=\"widget\" data-e-type=\"widget\" data-widget_type=\"heading.default\">\n\t\t\t\t<div class=\"elementor-widget-container\">\n\t\t\t\t\t<h2 class=\"elementor-heading-title elementor-size-default\">Collaborations<\/h2>\t\t\t\t<\/div>\n\t\t\t\t<\/div>\n\t\t\t\t<div class=\"elementor-element elementor-element-7f9226a elementor-widget elementor-widget-text-editor\" data-id=\"7f9226a\" data-element_type=\"widget\" data-e-type=\"widget\" data-widget_type=\"text-editor.default\">\n\t\t\t\t<div class=\"elementor-widget-container\">\n\t\t\t\t\t\t\t\t\t<p>Dans le cadre de l\u2019initiative \u2018Digital Construction\u2019, Buildwise peut compter sur le soutien de divers partenaires qui \u0153uvrent pour un avenir plus num\u00e9rique :<\/p>\t\t\t\t\t\t\t\t<\/div>\n\t\t\t\t<\/div>\n\t\t\t\t<section class=\"has_ae_slider elementor-section elementor-inner-section elementor-element elementor-element-ace9d09 elementor-section-boxed elementor-section-height-default elementor-section-height-default ae-bg-gallery-type-default\" data-id=\"ace9d09\" data-element_type=\"section\" data-e-type=\"section\">\n\t\t\t\t\t\t<div class=\"elementor-container elementor-column-gap-default\">\n\t\t\t\t\t<div class=\"has_ae_slider elementor-column elementor-col-50 elementor-inner-column elementor-element elementor-element-3a5e82e ae-bg-gallery-type-default\" data-id=\"3a5e82e\" data-element_type=\"column\" data-e-type=\"column\">\n\t\t\t<div class=\"elementor-widget-wrap elementor-element-populated\">\n\t\t\t\t\t\t<div class=\"elementor-element elementor-element-eea7831 elementor-widget elementor-widget-image\" data-id=\"eea7831\" data-element_type=\"widget\" data-e-type=\"widget\" data-widget_type=\"image.default\">\n\t\t\t\t<div class=\"elementor-widget-container\">\n\t\t\t\t\t\t\t\t\t\t\t\t\t\t\t<img decoding=\"async\" src=\"https:\/\/digitalconstruction.be\/wp-content\/uploads\/elementor\/thumbs\/embuild_website-pxsbdrqt74kklrizb6hc76xkfh36k93o8skpvhnpxc.png\" title=\"Embuild\" alt=\"Embuild\" loading=\"lazy\" \/>\t\t\t\t\t\t\t\t\t\t\t\t\t\t\t<\/div>\n\t\t\t\t<\/div>\n\t\t\t\t\t<\/div>\n\t\t<\/div>\n\t\t\t\t<div class=\"has_ae_slider elementor-column elementor-col-50 elementor-inner-column elementor-element elementor-element-1acba67 ae-bg-gallery-type-default\" data-id=\"1acba67\" data-element_type=\"column\" data-e-type=\"column\">\n\t\t\t<div class=\"elementor-widget-wrap elementor-element-populated\">\n\t\t\t\t\t\t<div class=\"elementor-element elementor-element-453088c elementor-widget elementor-widget-image\" data-id=\"453088c\" data-element_type=\"widget\" data-e-type=\"widget\" data-widget_type=\"image.default\">\n\t\t\t\t<div class=\"elementor-widget-container\">\n\t\t\t\t\t\t\t\t\t\t\t\t\t\t\t<img decoding=\"async\" src=\"https:\/\/digitalconstruction.be\/wp-content\/uploads\/elementor\/thumbs\/Bouwunie-rgb-pxsh3b4bmxxrc4yz40whfbq4oo0lpl2oi42zpowlc0.png\" title=\"Bouwunie\" alt=\"Bouwunie\" loading=\"lazy\" \/>\t\t\t\t\t\t\t\t\t\t\t\t\t\t\t<\/div>\n\t\t\t\t<\/div>\n\t\t\t\t\t<\/div>\n\t\t<\/div>\n\t\t\t\t\t<\/div>\n\t\t<\/section>\n\t\t\t\t<div class=\"elementor-element elementor-element-1b11797 elementor-widget elementor-widget-text-editor\" data-id=\"1b11797\" data-element_type=\"widget\" data-e-type=\"widget\" data-widget_type=\"text-editor.default\">\n\t\t\t\t<div class=\"elementor-widget-container\">\n\t\t\t\t\t\t\t\t\t<p>En outre, certaines actions de Digital Construction ont pu \u00eatre concr\u00e9tis\u00e9es gr\u00e2ce \u00e0 des projets subsidi\u00e9s. Cliquez <a href=\"https:\/\/digitalconstruction.be\/fr\/projects\/\">ici<\/a> pour en avoir un aper\u00e7u.<\/p>\n\t\t\t\t\t\t\t\t<\/div>\n\t\t\t\t<\/div>\n\t\t\t\t\t<\/div>\n\t\t<\/div>\n\t\t\t\t\t<\/div>\n\t\t<\/section>\n\t\t\t\t<section class=\"has_ae_slider elementor-section elementor-top-section elementor-element elementor-element-0d68ede elementor-section-boxed elementor-section-height-default elementor-section-height-default ae-bg-gallery-type-default\" data-id=\"0d68ede\" data-element_type=\"section\" data-e-type=\"section\">\n\t\t\t\t\t\t<div class=\"elementor-container elementor-column-gap-default\">\n\t\t\t\t\t<div class=\"has_ae_slider elementor-column elementor-col-100 elementor-top-column elementor-element elementor-element-b660d7c ae-bg-gallery-type-default\" data-id=\"b660d7c\" data-element_type=\"column\" data-e-type=\"column\">\n\t\t\t<div class=\"elementor-widget-wrap elementor-element-populated\">\n\t\t\t\t\t\t<div class=\"elementor-element elementor-element-7bf30c5 elementor-widget elementor-widget-heading\" data-id=\"7bf30c5\" data-element_type=\"widget\" data-e-type=\"widget\" data-widget_type=\"heading.default\">\n\t\t\t\t<div class=\"elementor-widget-container\">\n\t\t\t\t\t<h2 class=\"elementor-heading-title elementor-size-default\">Objectifs du site Internet<\/h2>\t\t\t\t<\/div>\n\t\t\t\t<\/div>\n\t\t\t\t<div class=\"elementor-element elementor-element-add2480 elementor-widget elementor-widget-text-editor\" data-id=\"add2480\" data-element_type=\"widget\" data-e-type=\"widget\" data-widget_type=\"text-editor.default\">\n\t\t\t\t<div class=\"elementor-widget-container\">\n\t\t\t\t\t\t\t\t\t<p>L\u2019\u00e9volution num\u00e9rique cr\u00e9e un contexte en mouvement perp\u00e9tuel qui nous offre sans cesse de nouvelles possibilit\u00e9s. Mais toutes les technologies ne sont pas aussi int\u00e9ressantes pour tous les professionnels. En fonction du corps de m\u00e9tier et des besoins et exigences sp\u00e9cifiques, certaines technologies apporteront une valeur ajout\u00e9e tandis que d\u2019autres ne le feront pas. La num\u00e9risation n\u2019est donc pas une fin en soi, mais fournit des outils permettant d\u2019atteindre une plus grande efficacit\u00e9 et une meilleure qualit\u00e9. Chaque professionnel doit donc faire des choix r\u00e9fl\u00e9chis dans le large \u00e9ventail de technologies propos\u00e9es. Digitalconstruction.be leur vient en aide en listant et en d\u00e9crivant toutes sortes d\u2019applications diff\u00e9rentes des technologies, adapt\u00e9es aux diff\u00e9rents corps de m\u00e9tier et ax\u00e9es sur le chantier.<\/p>\n<p>Ne vous laissez donc pas d\u00e9courager par les nombreuses nouvelles technologies qui se pr\u00e9sentent \u00e0 vous, mais laissez-vous guider par digitalconstruction.be. Utilisez les diff\u00e9rentes options de recherche pour d\u00e9couvrir les technologies susceptibles de vous int\u00e9resser. Si vous le souhaitez, r\u00e9servez une d\u00e9monstration en direct dans l\u2019un de nos hubs de d\u00e9monstration et utilisez toutes ces informations pour faire des choix r\u00e9fl\u00e9chis et adapt\u00e9s \u00e0 votre entreprise, afin d\u2019accro\u00eetre votre efficacit\u00e9.<\/p>\n\t\t\t\t\t\t\t\t<\/div>\n\t\t\t\t<\/div>\n\t\t\t\t\t<\/div>\n\t\t<\/div>\n\t\t\t\t\t<\/div>\n\t\t<\/section>\n\t\t\t\t<\/div>\n\t\t","protected":false},"excerpt":{"rendered":"<p>Initiative Digital Construction est un terme g\u00e9n\u00e9rique utilis\u00e9 pour regrouper toutes sortes d\u2019actions li\u00e9es \u00e0 la num\u00e9risation dans le secteur de la construction et les rendre reconnaissables pour les professionnels. Il s\u2019agit d\u2019une initiative de Buildwise. Objectifs L\u2019initiative \u2018Digital Construction\u2019 vise \u00e0 promouvoir la num\u00e9risation dans le secteur de la construction et \u00e0 soutenir et [&hellip;]<\/p>\n","protected":false},"author":1,"featured_media":0,"parent":0,"menu_order":100,"comment_status":"closed","ping_status":"closed","template":"","meta":{"content-type":"","_oasis_is_in_workflow":0,"_oasis_original":0,"site-sidebar-layout":"no-sidebar","site-content-layout":"page-builder","ast-site-content-layout":"default","site-content-style":"default","site-sidebar-style":"default","ast-global-header-display":"","ast-banner-title-visibility":"","ast-main-header-display":"","ast-hfb-above-header-display":"","ast-hfb-below-header-display":"","ast-hfb-mobile-header-display":"","site-post-title":"disabled","ast-breadcrumbs-content":"","ast-featured-img":"disabled","footer-sml-layout":"","ast-disable-related-posts":"","theme-transparent-header-meta":"default","adv-header-id-meta":"","stick-header-meta":"","header-above-stick-meta":"","header-main-stick-meta":"","header-below-stick-meta":"","astra-migrate-meta-layouts":"default","ast-page-background-enabled":"default","ast-page-background-meta":{"desktop":{"background-color":"","background-image":"","background-repeat":"repeat","background-position":"center center","background-size":"auto","background-attachment":"scroll","background-type":"","background-media":"","overlay-type":"","overlay-color":"","overlay-opacity":"","overlay-gradient":""},"tablet":{"background-color":"","background-image":"","background-repeat":"repeat","background-position":"center center","background-size":"auto","background-attachment":"scroll","background-type":"","background-media":"","overlay-type":"","overlay-color":"","overlay-opacity":"","overlay-gradient":""},"mobile":{"background-color":"","background-image":"","background-repeat":"repeat","background-position":"center center","background-size":"auto","background-attachment":"scroll","background-type":"","background-media":"","overlay-type":"","overlay-color":"","overlay-opacity":"","overlay-gradient":""}},"ast-content-background-meta":{"desktop":{"background-color":"var(--ast-global-color-5)","background-image":"","background-repeat":"repeat","background-position":"center center","background-size":"auto","background-attachment":"scroll","background-type":"","background-media":"","overlay-type":"","overlay-color":"","overlay-opacity":"","overlay-gradient":""},"tablet":{"background-color":"var(--ast-global-color-5)","background-image":"","background-repeat":"repeat","background-position":"center center","background-size":"auto","background-attachment":"scroll","background-type":"","background-media":"","overlay-type":"","overlay-color":"","overlay-opacity":"","overlay-gradient":""},"mobile":{"background-color":"var(--ast-global-color-5)","background-image":"","background-repeat":"repeat","background-position":"center center","background-size":"auto","background-attachment":"scroll","background-type":"","background-media":"","overlay-type":"","overlay-color":"","overlay-opacity":"","overlay-gradient":""}},"footnotes":""},"class_list":["post-4544","page","type-page","status-publish","hentry"],"_links":{"self":[{"href":"https:\/\/digitalconstruction.be\/fr\/wp-json\/wp\/v2\/pages\/4544","targetHints":{"allow":["GET"]}}],"collection":[{"href":"https:\/\/digitalconstruction.be\/fr\/wp-json\/wp\/v2\/pages"}],"about":[{"href":"https:\/\/digitalconstruction.be\/fr\/wp-json\/wp\/v2\/types\/page"}],"author":[{"embeddable":true,"href":"https:\/\/digitalconstruction.be\/fr\/wp-json\/wp\/v2\/users\/1"}],"replies":[{"embeddable":true,"href":"https:\/\/digitalconstruction.be\/fr\/wp-json\/wp\/v2\/comments?post=4544"}],"version-history":[{"count":5,"href":"https:\/\/digitalconstruction.be\/fr\/wp-json\/wp\/v2\/pages\/4544\/revisions"}],"predecessor-version":[{"id":20340,"href":"https:\/\/digitalconstruction.be\/fr\/wp-json\/wp\/v2\/pages\/4544\/revisions\/20340"}],"wp:attachment":[{"href":"https:\/\/digitalconstruction.be\/fr\/wp-json\/wp\/v2\/media?parent=4544"}],"curies":[{"name":"wp","href":"https:\/\/api.w.org\/{rel}","templated":true}]}}