{"id":23009,"date":"2023-12-06T15:21:43","date_gmt":"2023-12-06T14:21:43","guid":{"rendered":"https:\/\/digitalconstruction.be\/privacy-en-cookiebeleid\/"},"modified":"2023-12-06T16:07:31","modified_gmt":"2023-12-06T15:07:31","slug":"politique-de-confidentialite-et-de-cookies","status":"publish","type":"page","link":"https:\/\/digitalconstruction.be\/fr\/politique-de-confidentialite-et-de-cookies\/","title":{"rendered":"Politique de confidentialit\u00e9 et de cookies"},"content":{"rendered":"\t\t<div data-elementor-type=\"wp-page\" data-elementor-id=\"23009\" class=\"elementor elementor-23009 elementor-23005\" data-elementor-post-type=\"page\">\n\t\t\t\t\t\t<section class=\"has_ae_slider elementor-section elementor-top-section elementor-element elementor-element-7f9c0838 elementor-section-boxed elementor-section-height-default elementor-section-height-default ae-bg-gallery-type-default\" data-id=\"7f9c0838\" data-element_type=\"section\" data-e-type=\"section\">\n\t\t\t\t\t\t<div class=\"elementor-container elementor-column-gap-default\">\n\t\t\t\t\t<div class=\"has_ae_slider elementor-column elementor-col-100 elementor-top-column elementor-element elementor-element-79fcb72c ae-bg-gallery-type-default\" data-id=\"79fcb72c\" data-element_type=\"column\" data-e-type=\"column\">\n\t\t\t<div class=\"elementor-widget-wrap elementor-element-populated\">\n\t\t\t\t\t\t<div class=\"elementor-element elementor-element-27cf7b8 elementor-widget elementor-widget-text-editor\" data-id=\"27cf7b8\" data-element_type=\"widget\" data-e-type=\"widget\" data-widget_type=\"text-editor.default\">\n\t\t\t\t<div class=\"elementor-widget-container\">\n\t\t\t\t\t\t\t\t\t<p>(Version 1 &#8211; juillet 2023)<\/p>\n\t\t\t\t\t\t\t\t<\/div>\n\t\t\t\t<\/div>\n\t\t\t\t<div class=\"elementor-element elementor-element-9f257ae elementor-widget elementor-widget-heading\" data-id=\"9f257ae\" data-element_type=\"widget\" data-e-type=\"widget\" data-widget_type=\"heading.default\">\n\t\t\t\t<div class=\"elementor-widget-container\">\n\t\t\t\t\t<h2 class=\"elementor-heading-title elementor-size-default\">1. Application <\/h2>\t\t\t\t<\/div>\n\t\t\t\t<\/div>\n\t\t\t\t<div class=\"elementor-element elementor-element-65b2f945 elementor-widget elementor-widget-text-editor\" data-id=\"65b2f945\" data-element_type=\"widget\" data-e-type=\"widget\" data-widget_type=\"text-editor.default\">\n\t\t\t\t<div class=\"elementor-widget-container\">\n\t\t\t\t\t\t\t\t\t<p>Cette d\u00e9claration de confidentialit\u00e9 s&#8217;applique \u00e0 toutes les donn\u00e9es \u00e0 caract\u00e8re personnel trait\u00e9es sur digitalconstruction.be.<\/p>\n<p>Digitalconstruction.be est un site web exploit\u00e9 par Buildwise<\/p>\n<p>Buildwise est une d\u00e9nomination commerciale du CENTRE SCIENTIFIQUE ET TECHNIQUE DE LA CONSTRUCTION, \u00e9tablissement reconnu en application du d\u00e9cret-loi du 30 janvier 1947, dont le si\u00e8ge social est \u00e9tabli \u00e0 1000 Bruxelles, rue Lombard 42, et dont le num\u00e9ro d&#8217;entreprise est 0407.695.057.<\/p>\n<p>Vous avez la possibilit\u00e9 de sauvegarder et d&#8217;imprimer cette d\u00e9claration.<\/p>\n<p>Le traitement des cookies sur ce site web se fait conform\u00e9ment \u00e0 notre politique de confidentialit\u00e9. Les informations sur la mani\u00e8re de g\u00e9rer vos pr\u00e9f\u00e9rences en mati\u00e8re de cookies sont expliqu\u00e9es plus sp\u00e9cifiquement dans notre politique en mati\u00e8re de cookies, au bas de cette page.<\/p>\n\t\t\t\t\t\t\t\t<\/div>\n\t\t\t\t<\/div>\n\t\t\t\t<div class=\"elementor-element elementor-element-93a290e elementor-widget elementor-widget-heading\" data-id=\"93a290e\" data-element_type=\"widget\" data-e-type=\"widget\" data-widget_type=\"heading.default\">\n\t\t\t\t<div class=\"elementor-widget-container\">\n\t\t\t\t\t<h2 class=\"elementor-heading-title elementor-size-default\">2. Donn\u00e9es \u00e0 caract\u00e8re personnel <\/h2>\t\t\t\t<\/div>\n\t\t\t\t<\/div>\n\t\t\t\t<div class=\"elementor-element elementor-element-38e50f8 elementor-widget elementor-widget-text-editor\" data-id=\"38e50f8\" data-element_type=\"widget\" data-e-type=\"widget\" data-widget_type=\"text-editor.default\">\n\t\t\t\t<div class=\"elementor-widget-container\">\n\t\t\t\t\t\t\t\t\t<p>Cette politique s&#8217;applique aux donn\u00e9es personnelles trait\u00e9es par Buildwise sur digitalconstruction.be<\/p>\n<p>La collecte et l&#8217;utilisation des donn\u00e9es personnelles par Buildwise sont conformes au R\u00e8glement g\u00e9n\u00e9ral sur la protection des donn\u00e9es (RGPD), \u00e9galement connu sous le nom de GDPR.<\/p>\n<p><strong>Comment collectons-nous ces donn\u00e9es personnelles ?\u00a0 <\/strong><\/p>\n<p>La collecte de ces donn\u00e9es peut se faire de plusieurs mani\u00e8res:<\/p>\n<ul>\n<li>Utilisation des cookies<\/li>\n<li>Nous recevons les donn\u00e9es directement. Ceci est possible si vous avez le droit de cr\u00e9er un compte sur l&#8217;extranet de ce site web.<\/li>\n<li>Cela est possible lorsque vous avez le droit de cr\u00e9er un compte sur l&#8217;extranet de ce site web. Lorsque vous contactez notre service d&#8217;assistance ou remplissez un formulaire de contact.<\/li>\n<\/ul>\n<p><strong>P\u00e9riode de conservation <\/strong><\/p>\n<p>Vos donn\u00e9es ne seront pas conserv\u00e9es plus longtemps que n\u00e9cessaire aux fins pour lesquelles vous nous les avez fournies :<\/p>\n<ul>\n<li>Si elles sont fournies dans le cadre d&#8217;un contrat avec Buildwise, elles ne seront pas conserv\u00e9es plus longtemps que n\u00e9cessaire pour leur ex\u00e9cution.<\/li>\n<li>Si elles sont fournies sur la base de votre consentement, le traitement sera interrompu, d\u00e8s que possible, lorsque vous retirerez votre consentement.<\/li>\n<li>Si elles sont trait\u00e9es sur la base d&#8217;une obligation l\u00e9gale ou d&#8217;un int\u00e9r\u00eat l\u00e9gitime de Buildwise, elles seront conserv\u00e9es aussi longtemps que n\u00e9cessaire \u00e0 cette fin.<\/li>\n<\/ul>\n\t\t\t\t\t\t\t\t<\/div>\n\t\t\t\t<\/div>\n\t\t\t\t<div class=\"elementor-element elementor-element-aed0300 elementor-widget elementor-widget-heading\" data-id=\"aed0300\" data-element_type=\"widget\" data-e-type=\"widget\" data-widget_type=\"heading.default\">\n\t\t\t\t<div class=\"elementor-widget-container\">\n\t\t\t\t\t<h2 class=\"elementor-heading-title elementor-size-default\">3. Comment puis-je contacter Buildwise concernant mes droits en mati\u00e8re de protection de la vie priv\u00e9e ?  <\/h2>\t\t\t\t<\/div>\n\t\t\t\t<\/div>\n\t\t\t\t<div class=\"elementor-element elementor-element-e832182 elementor-widget elementor-widget-text-editor\" data-id=\"e832182\" data-element_type=\"widget\" data-e-type=\"widget\" data-widget_type=\"text-editor.default\">\n\t\t\t\t<div class=\"elementor-widget-container\">\n\t\t\t\t\t\t\t\t\t<p>Conform\u00e9ment \u00e0 la l\u00e9gislation GDPR, vous avez le droit d&#8217;acc\u00e9der \u00e0 vos donn\u00e9es personnelles, de les faire corriger, de vous opposer au traitement et de faire effacer vos donn\u00e9es.<br><span style=\"font-size: 15px; background-color: var(--ast-global-color-5); color: var(--ast-global-color-3);\">En outre, puisque Buildwise est un contr\u00f4leur de Buildwise.be, il a le devoir, si vous le demandez, de fournir une copie des donn\u00e9es qu&#8217;il d\u00e9tient \u00e0 votre sujet. Pour les copies suppl\u00e9mentaires, Buildwise peut vous facturer des frais de recouvrement des co\u00fbts.<\/span><\/p>\n<p>Si vous souhaitez invoquer vos droits, vous pouvez le faire en envoyant un courriel \u00e0 <a href=\"mailto:gdpr@buildwise.be\">gdpr@buildwise.be<\/a>.<\/p>\t\t\t\t\t\t\t\t<\/div>\n\t\t\t\t<\/div>\n\t\t\t\t<div class=\"elementor-element elementor-element-b56f06f elementor-widget elementor-widget-heading\" data-id=\"b56f06f\" data-element_type=\"widget\" data-e-type=\"widget\" data-widget_type=\"heading.default\">\n\t\t\t\t<div class=\"elementor-widget-container\">\n\t\t\t\t\t<h2 class=\"elementor-heading-title elementor-size-default\">4. S\u00e9curit\u00e9 <\/h2>\t\t\t\t<\/div>\n\t\t\t\t<\/div>\n\t\t\t\t<div class=\"elementor-element elementor-element-6be0b11 elementor-widget elementor-widget-text-editor\" data-id=\"6be0b11\" data-element_type=\"widget\" data-e-type=\"widget\" data-widget_type=\"text-editor.default\">\n\t\t\t\t<div class=\"elementor-widget-container\">\n\t\t\t\t\t\t\t\t\t<p>Buildwise.be utilise des technologies et des mesures de s\u00e9curit\u00e9 appropri\u00e9es pour prot\u00e9ger vos donn\u00e9es personnelles contre l&#8217;acc\u00e8s non autoris\u00e9, l&#8217;utilisation abusive, la divulgation, la perte et la destruction. Pour assurer la confidentialit\u00e9 de vos donn\u00e9es, Buildwise utilise \u00e9galement des pare-feu professionnels et des mots de passe de s\u00e9curit\u00e9.<\/p>\n<p>Buildwise, en tant qu&#8217;organisation fa\u00eeti\u00e8re, s&#8217;efforce d&#8217;assurer la s\u00e9curit\u00e9 de la transmission de ces donn\u00e9es, mais n&#8217;est en aucun cas responsable des dommages qui pourraient r\u00e9sulter de la perte de certaines donn\u00e9es et\/ou de l&#8217;interception de ces donn\u00e9es par un tiers. A cet \u00e9gard, il convient d&#8217;installer les logiciels n\u00e9cessaires et de toujours faire preuve de prudence lors de l&#8217;utilisation et de la communication de vos donn\u00e9es personnelles.<\/p>\t\t\t\t\t\t\t\t<\/div>\n\t\t\t\t<\/div>\n\t\t\t\t<div class=\"elementor-element elementor-element-25d84c0 elementor-widget elementor-widget-heading\" data-id=\"25d84c0\" data-element_type=\"widget\" data-e-type=\"widget\" data-widget_type=\"heading.default\">\n\t\t\t\t<div class=\"elementor-widget-container\">\n\t\t\t\t\t<h2 class=\"elementor-heading-title elementor-size-default\">5. Changements <\/h2>\t\t\t\t<\/div>\n\t\t\t\t<\/div>\n\t\t\t\t<div class=\"elementor-element elementor-element-b193cfa elementor-widget elementor-widget-text-editor\" data-id=\"b193cfa\" data-element_type=\"widget\" data-e-type=\"widget\" data-widget_type=\"text-editor.default\">\n\t\t\t\t<div class=\"elementor-widget-container\">\n\t\t\t\t\t\t\t\t\t<p>Digitalconstruction.be peut r\u00e9viser sa politique de traitement des donn\u00e9es personnelles. Ces modifications seront notifi\u00e9es sur le site web.<\/p>\n\t\t\t\t\t\t\t\t<\/div>\n\t\t\t\t<\/div>\n\t\t\t\t<div class=\"elementor-element elementor-element-e279fa8 elementor-widget elementor-widget-heading\" data-id=\"e279fa8\" data-element_type=\"widget\" data-e-type=\"widget\" data-widget_type=\"heading.default\">\n\t\t\t\t<div class=\"elementor-widget-container\">\n\t\t\t\t\t<h2 class=\"elementor-heading-title elementor-size-default\">6. Autres sites web <\/h2>\t\t\t\t<\/div>\n\t\t\t\t<\/div>\n\t\t\t\t<div class=\"elementor-element elementor-element-8e34a58 elementor-widget elementor-widget-text-editor\" data-id=\"8e34a58\" data-element_type=\"widget\" data-e-type=\"widget\" data-widget_type=\"text-editor.default\">\n\t\t\t\t<div class=\"elementor-widget-container\">\n\t\t\t\t\t\t\t\t\t<p>Le Site peut contenir des liens vers d&#8217;autres sites.\u00a0<span style=\"font-size: 15px; background-color: var(--ast-global-color-5); color: var(--ast-global-color-3);\">Buildwise ne peut garantir que ces sites respectent leur politique de confidentialit\u00e9 conform\u00e9ment \u00e0 la r\u00e9glementation applicable. Il vous est conseill\u00e9 de le v\u00e9rifier vous-m\u00eame en consultant les clauses de confidentialit\u00e9 de ces sites.<\/span><\/p>\t\t\t\t\t\t\t\t<\/div>\n\t\t\t\t<\/div>\n\t\t\t\t<div class=\"elementor-element elementor-element-f2b1ece elementor-widget elementor-widget-heading\" data-id=\"f2b1ece\" data-element_type=\"widget\" data-e-type=\"widget\" data-widget_type=\"heading.default\">\n\t\t\t\t<div class=\"elementor-widget-container\">\n\t\t\t\t\t<h2 class=\"elementor-heading-title elementor-size-default\">7. Politique en mati\u00e8re de cookies<\/h2>\t\t\t\t<\/div>\n\t\t\t\t<\/div>\n\t\t\t\t<div class=\"elementor-element elementor-element-9b37c88 elementor-widget elementor-widget-text-editor\" data-id=\"9b37c88\" data-element_type=\"widget\" data-e-type=\"widget\" data-widget_type=\"text-editor.default\">\n\t\t\t\t<div class=\"elementor-widget-container\">\n\t\t\t\t\t\t\t\t\t<p>Digitalconstruction.be utilise des cookies, afin d&#8217;optimiser la facilit\u00e9 d&#8217;utilisation, en application de la pr\u00e9sente politique en mati\u00e8re de cookies. Cette politique a \u00e9t\u00e9 \u00e9labor\u00e9e dans le but de vous informer correctement et clairement sur l&#8217;utilisation des cookies et sur la mani\u00e8re dont vous pouvez consentir \u00e0 leur utilisation.<\/p><p>Lors de la visite et\/ou de l&#8217;utilisation du site web, vous pouvez refuser ou accepter les cookies de mani\u00e8re visible, conform\u00e9ment \u00e0 la pr\u00e9sente politique. Nous nous r\u00e9servons le droit de modifier cette politique de temps \u00e0 autre, ainsi que d&#8217;ajouter et\/ou de supprimer des cookies afin de maintenir cette politique aussi \u00e0 jour que possible. Nous vous tiendrons inform\u00e9 par l&#8217;interm\u00e9diaire du site web.<\/p><p><strong>Qu&#8217;est-ce qu&#8217;un cookie? <\/strong><\/p><p>Un cookie est un petit fichier texte ou de donn\u00e9es que votre navigateur stocke sur votre ordinateur, votre tablette ou votre smartphone lorsque vous visitez un site web.<\/p><p>Un Cookie consiste en une valeur unique qui permet \u00e0 votre navigateur de vous reconna\u00eetre. Cela vous permet, en tant que visiteur du Site Internet, d&#8217;\u00eatre identifi\u00e9 lors de votre prochaine visite sans avoir \u00e0 r\u00e9initialiser certaines pr\u00e9f\u00e9rences (telles que la langue pr\u00e9f\u00e9r\u00e9e).<\/p><p>Les cookies nous permettent \u00e9galement d&#8217;analyser le site web et ses outils afin d&#8217;en am\u00e9liorer le fonctionnement.<\/p><p><strong>Refus d&#8217;un cookie <\/strong><\/p><p>Si vous ne souhaitez pas que le site Web installe des cookies, vous pouvez le faire en indiquant vos pr\u00e9f\u00e9rences avant la premi\u00e8re utilisation du site Web. Vous ne pouvez pas refuser les cookies strictement n\u00e9cessaires, qui garantissent le bon fonctionnement du site web.<\/p><p><strong>Aper\u00e7u des cookies<\/strong><\/p><p>Digitalconstruction.be utilise ces cookies analytiques.<span style=\"font-size: 15px; background-color: var(--ast-global-color-5); color: var(--ast-global-color-3);\">\u00a0<\/span><\/p><table><tbody><tr><td width=\"118\">Nom<\/td><td width=\"118\">Domaine<\/td><td width=\"118\">Dur\u00e9e<\/td><td width=\"245\">Description<\/td><\/tr><tr><td width=\"118\"><p>_ga_*<\/p><p>\u00a0<\/p><\/td><td width=\"118\">digitalconstruction.be<\/td><td width=\"118\">14 mois<\/td><td width=\"245\">Ce nom de cookie est associ\u00e9 \u00e0 Google Universal Analytics &#8211; qui est une mise \u00e0 jour majeure du service d&#8217;analyse de Google le plus couramment utilis\u00e9. Ce cookie est utilis\u00e9 pour distinguer les utilisateurs uniques en attribuant un num\u00e9ro g\u00e9n\u00e9r\u00e9 de mani\u00e8re al\u00e9atoire comme identifiant du client. Il est inclus dans chaque page demand\u00e9e sur un site et utilis\u00e9 pour calculer les donn\u00e9es relatives aux visiteurs, aux sessions et aux campagnes pour les rapports d&#8217;analyse du site. Le signe &#8220;*&#8221; indique que diff\u00e9rentes variantes de cookies sont actives sur le site avec le m\u00eame pr\u00e9fixe. Cependant, la fonction est la m\u00eame<\/td><\/tr><tr><td width=\"118\"><p>_gid<\/p><p>\u00a0<\/p><\/td><td width=\"118\">digitalconstruction.be<\/td><td width=\"118\">1 jour<\/td><td width=\"245\">Le cookie _gid est install\u00e9 par Google Analytics et stocke des informations sur la mani\u00e8re dont les visiteurs utilisent un site web, tout en cr\u00e9ant un rapport d&#8217;analyse des performances du site. Certaines donn\u00e9es collect\u00e9es sont le nombre de visiteurs, leur source et les pages qu&#8217;ils visitent de mani\u00e8re anonyme.<\/td><\/tr><tr><td width=\"118\"><p>_gclxxxx<br \/>_gcl_ua<\/p><p>\u00a0<\/p><\/td><td width=\"118\">digitalconstruction.be<\/td><td width=\"118\">90 jours<\/td><td width=\"245\">Ce cookie de premi\u00e8re partie pour la fonctionnalit\u00e9 &#8220;Conversion Linker&#8221; &#8211; il prend des informations sur les publicit\u00e9s et les chemins cibles et les stocke dans un cookie de premi\u00e8re partie afin que les objectifs atteints puissent \u00eatre mesur\u00e9s.<\/td><\/tr><tr><td width=\"118\">__hstc<\/td><td width=\"118\"><p>digitalconstruction.be<\/p><p>\u00a0<\/p><\/td><td width=\"118\">6 mois<\/td><td width=\"245\"><p>Le cookie principal pour le suivi des visiteurs de Hubspot.<\/p><p>Il contient le domaine, l&#8217;utk, l&#8217;horodatage initial (premi\u00e8re visite), le dernier horodatage (derni\u00e8re visite), l&#8217;horodatage actuel (cette visite) et le num\u00e9ro de session (qui augmente pour chaque session suivante).<\/p><\/td><\/tr><tr><td width=\"118\">hubspotutk<\/td><td width=\"118\"><p>digitalconstruction.be<\/p><p>\u00a0<\/p><\/td><td width=\"118\">6 mois<\/td><td width=\"245\"><p>Ce cookie garde la trace de l&#8217;identit\u00e9 d&#8217;un visiteur. Il est transmis \u00e0 HubSpot lors de la soumission d&#8217;un formulaire et utilis\u00e9 pour la d\u00e9duplication des contacts.<\/p><p>Il contient un GUID opaque repr\u00e9sentant le visiteur actuel.<\/p><\/td><\/tr><tr><td width=\"118\">__hssrc<\/td><td width=\"118\"><p>digitalconstruction.be<\/p><p>\u00a0<\/p><\/td><td width=\"118\">SESSION<\/td><td width=\"245\"><p>Quand HubSpot modifie le cookie de session, ce cookie est \u00e9galement d\u00e9fini pour d\u00e9terminer si le visiteur a red\u00e9marr\u00e9 son navigateur.<\/p><p>Si ce cookie n&#8217;existe pas lorsque HubSpot g\u00e8re les cookies, il est consid\u00e9r\u00e9 comme une nouvelle session.<\/p><\/td><\/tr><\/tbody><\/table><p>Digitalconstruction.be utilise ces cookies publicitaires.<\/p><table><tbody><tr><td width=\"117\">Nom<\/td><td width=\"117\">Domaine<\/td><td width=\"117\">Dur\u00e9e<\/td><td width=\"245\">Description<\/td><\/tr><tr><td width=\"117\">ln_or<\/td><td width=\"117\"><p>digitalconstruction.be<\/p><p>\u00a0<\/p><\/td><td width=\"117\"><p>1 jour<\/p><p>\u00a0<\/p><\/td><td width=\"245\">Linkedin Cookie qui enregistre des donn\u00e9es statistiques sur le comportement des utilisateurs sur le site web. Utilis\u00e9 \u00e0 des fins d&#8217;analyse interne par l&#8217;administrateur du site web.<\/td><\/tr><tr><td width=\"117\"><p>_fbp<\/p><p>\u00a0<\/p><\/td><td width=\"117\"><p>digitalconstruction.be<\/p><p>\u00a0<\/p><\/td><td width=\"117\">3 mois<\/td><td width=\"245\"><p>Utilis\u00e9 par Facebook pour diffuser des publicit\u00e9s. Le cookie contient un identifiant d&#8217;utilisateur Facebook crypt\u00e9 et un identifiant de navigateur. Il re\u00e7oit des informations de ce site web pour mieux cibler et optimiser les publicit\u00e9s.<\/p><p>Les informations collect\u00e9es comprennent les adresses IP, les informations sur le navigateur web, l&#8217;emplacement de la page, le document, le r\u00e9f\u00e9rent et l&#8217;appareil, les clics sur les boutons, les pages visit\u00e9es et les donn\u00e9es de la page.<\/p><\/td><\/tr><\/tbody><\/table><p>\u00a0<\/p>\t\t\t\t\t\t\t\t<\/div>\n\t\t\t\t<\/div>\n\t\t\t\t\t<\/div>\n\t\t<\/div>\n\t\t\t\t\t<\/div>\n\t\t<\/section>\n\t\t\t\t<\/div>\n\t\t","protected":false},"excerpt":{"rendered":"<p>(Version 1 &#8211; juillet 2023) 1. Application Cette d\u00e9claration de confidentialit\u00e9 s&#8217;applique \u00e0 toutes les donn\u00e9es \u00e0 caract\u00e8re personnel trait\u00e9es sur digitalconstruction.be. Digitalconstruction.be est un site web exploit\u00e9 par Buildwise Buildwise est une d\u00e9nomination commerciale du CENTRE SCIENTIFIQUE ET TECHNIQUE DE LA CONSTRUCTION, \u00e9tablissement reconnu en application du d\u00e9cret-loi du 30 janvier 1947, dont le [&hellip;]<\/p>\n","protected":false},"author":3,"featured_media":0,"parent":0,"menu_order":0,"comment_status":"closed","ping_status":"closed","template":"","meta":{"content-type":"","_oasis_is_in_workflow":0,"_oasis_original":0,"site-sidebar-layout":"default","site-content-layout":"","ast-site-content-layout":"default","site-content-style":"default","site-sidebar-style":"default","ast-global-header-display":"","ast-banner-title-visibility":"","ast-main-header-display":"","ast-hfb-above-header-display":"","ast-hfb-below-header-display":"","ast-hfb-mobile-header-display":"","site-post-title":"","ast-breadcrumbs-content":"","ast-featured-img":"","footer-sml-layout":"","ast-disable-related-posts":"","theme-transparent-header-meta":"","adv-header-id-meta":"","stick-header-meta":"","header-above-stick-meta":"","header-main-stick-meta":"","header-below-stick-meta":"","astra-migrate-meta-layouts":"default","ast-page-background-enabled":"default","ast-page-background-meta":{"desktop":{"background-color":"","background-image":"","background-repeat":"repeat","background-position":"center center","background-size":"auto","background-attachment":"scroll","background-type":"","background-media":"","overlay-type":"","overlay-color":"","overlay-opacity":"","overlay-gradient":""},"tablet":{"background-color":"","background-image":"","background-repeat":"repeat","background-position":"center center","background-size":"auto","background-attachment":"scroll","background-type":"","background-media":"","overlay-type":"","overlay-color":"","overlay-opacity":"","overlay-gradient":""},"mobile":{"background-color":"","background-image":"","background-repeat":"repeat","background-position":"center center","background-size":"auto","background-attachment":"scroll","background-type":"","background-media":"","overlay-type":"","overlay-color":"","overlay-opacity":"","overlay-gradient":""}},"ast-content-background-meta":{"desktop":{"background-color":"var(--ast-global-color-5)","background-image":"","background-repeat":"repeat","background-position":"center center","background-size":"auto","background-attachment":"scroll","background-type":"","background-media":"","overlay-type":"","overlay-color":"","overlay-opacity":"","overlay-gradient":""},"tablet":{"background-color":"var(--ast-global-color-5)","background-image":"","background-repeat":"repeat","background-position":"center center","background-size":"auto","background-attachment":"scroll","background-type":"","background-media":"","overlay-type":"","overlay-color":"","overlay-opacity":"","overlay-gradient":""},"mobile":{"background-color":"var(--ast-global-color-5)","background-image":"","background-repeat":"repeat","background-position":"center center","background-size":"auto","background-attachment":"scroll","background-type":"","background-media":"","overlay-type":"","overlay-color":"","overlay-opacity":"","overlay-gradient":""}},"footnotes":""},"class_list":["post-23009","page","type-page","status-publish","hentry"],"_links":{"self":[{"href":"https:\/\/digitalconstruction.be\/fr\/wp-json\/wp\/v2\/pages\/23009","targetHints":{"allow":["GET"]}}],"collection":[{"href":"https:\/\/digitalconstruction.be\/fr\/wp-json\/wp\/v2\/pages"}],"about":[{"href":"https:\/\/digitalconstruction.be\/fr\/wp-json\/wp\/v2\/types\/page"}],"author":[{"embeddable":true,"href":"https:\/\/digitalconstruction.be\/fr\/wp-json\/wp\/v2\/users\/3"}],"replies":[{"embeddable":true,"href":"https:\/\/digitalconstruction.be\/fr\/wp-json\/wp\/v2\/comments?post=23009"}],"version-history":[{"count":17,"href":"https:\/\/digitalconstruction.be\/fr\/wp-json\/wp\/v2\/pages\/23009\/revisions"}],"predecessor-version":[{"id":23027,"href":"https:\/\/digitalconstruction.be\/fr\/wp-json\/wp\/v2\/pages\/23009\/revisions\/23027"}],"wp:attachment":[{"href":"https:\/\/digitalconstruction.be\/fr\/wp-json\/wp\/v2\/media?parent=23009"}],"curies":[{"name":"wp","href":"https:\/\/api.w.org\/{rel}","templated":true}]}}