{"id":21500,"date":"2023-03-15T13:28:29","date_gmt":"2023-03-15T12:28:29","guid":{"rendered":"https:\/\/digitalconstruction.be\/?page_id=21500"},"modified":"2023-03-16T08:59:30","modified_gmt":"2023-03-16T07:59:30","slug":"telechargements","status":"publish","type":"page","link":"https:\/\/digitalconstruction.be\/fr\/telechargements\/","title":{"rendered":"T\u00e9l\u00e9chargements"},"content":{"rendered":"\t\t<div data-elementor-type=\"wp-page\" data-elementor-id=\"21500\" class=\"elementor elementor-21500 elementor-21468\" data-elementor-post-type=\"page\">\n\t\t\t\t\t\t<section class=\"has_ae_slider elementor-section elementor-top-section elementor-element elementor-element-92b11f9 elementor-section-boxed elementor-section-height-default elementor-section-height-default ae-bg-gallery-type-default\" data-id=\"92b11f9\" data-element_type=\"section\" data-e-type=\"section\">\n\t\t\t\t\t\t<div class=\"elementor-container elementor-column-gap-default\">\n\t\t\t\t\t<div class=\"has_ae_slider elementor-column elementor-col-100 elementor-top-column elementor-element elementor-element-f5555ec ae-bg-gallery-type-default\" data-id=\"f5555ec\" data-element_type=\"column\" data-e-type=\"column\">\n\t\t\t<div class=\"elementor-widget-wrap elementor-element-populated\">\n\t\t\t\t\t\t<div class=\"elementor-element elementor-element-a72e020 elementor-widget elementor-widget-text-editor\" data-id=\"a72e020\" data-element_type=\"widget\" data-e-type=\"widget\" data-widget_type=\"text-editor.default\">\n\t\t\t\t<div class=\"elementor-widget-container\">\n\t\t\t\t\t\t\t\t\t<h3>Veuillez remplir les champs ci-dessous pour acc\u00e9der \u00e0 la page des t\u00e9l\u00e9chargements.<\/h3><div>Nous demandons ces donn\u00e9es dans le but d&#8217;\u00e9tablir des rapports de projet \u00e0 l&#8217;intention de nos bailleurs de fonds. Nous avons ainsi une id\u00e9e du nombre d&#8217;utilisateurs et d&#8217;entreprises qui consultent et t\u00e9l\u00e9chargent ces informations.<\/div><div>\u00a0<\/div><h3><b>Vous \u00eates d\u00e9j\u00e0 en possession d&#8217;un mot de passe ?&gt;&gt; <a href=\"https:\/\/digitalconstruction.be\/fr\/downloads-docs\/\">Acc\u00e8s direct aux documents<\/a><\/b><\/h3>\t\t\t\t\t\t\t\t<\/div>\n\t\t\t\t<\/div>\n\t\t\t\t\t<\/div>\n\t\t<\/div>\n\t\t\t\t\t<\/div>\n\t\t<\/section>\n\t\t\t\t<section class=\"has_ae_slider elementor-section elementor-top-section elementor-element elementor-element-53761e3 elementor-section-boxed elementor-section-height-default elementor-section-height-default ae-bg-gallery-type-default\" data-id=\"53761e3\" data-element_type=\"section\" data-e-type=\"section\">\n\t\t\t\t\t\t<div class=\"elementor-container elementor-column-gap-default\">\n\t\t\t\t\t<div class=\"has_ae_slider elementor-column elementor-col-100 elementor-top-column elementor-element elementor-element-5733693 ae-bg-gallery-type-default\" data-id=\"5733693\" data-element_type=\"column\" data-e-type=\"column\">\n\t\t\t<div class=\"elementor-widget-wrap elementor-element-populated\">\n\t\t\t\t\t\t<div class=\"elementor-element elementor-element-e47f8c2 elementor-widget__width-inherit elementor-widget elementor-widget-wp-widget-gform_widget\" data-id=\"e47f8c2\" data-element_type=\"widget\" data-e-type=\"widget\" data-widget_type=\"wp-widget-gform_widget.default\">\n\t\t\t\t<div class=\"elementor-widget-container\">\n\t\t\t\t\t<script src=\"https:\/\/digitalconstruction.be\/wp-includes\/js\/dist\/dom-ready.min.js?ver=f77871ff7694fffea381\" id=\"wp-dom-ready-js\"><\/script>\n<script src=\"https:\/\/digitalconstruction.be\/wp-includes\/js\/dist\/hooks.min.js?ver=dd5603f07f9220ed27f1\" id=\"wp-hooks-js\"><\/script>\n<script src=\"https:\/\/digitalconstruction.be\/wp-includes\/js\/dist\/i18n.min.js?ver=c26c3dc7bed366793375\" id=\"wp-i18n-js\"><\/script>\n<script id=\"wp-i18n-js-after\">\nwp.i18n.setLocaleData( { 'text direction\\u0004ltr': [ 'ltr' ] } );\n\/\/# sourceURL=wp-i18n-js-after\n<\/script>\n<script id=\"wp-a11y-js-translations\">\n( function( domain, translations ) {\n\tvar localeData = translations.locale_data[ domain ] || translations.locale_data.messages;\n\tlocaleData[\"\"].domain = domain;\n\twp.i18n.setLocaleData( localeData, domain );\n} )( \"default\", {\"translation-revision-date\":\"2026-03-28 11:37:15+0000\",\"generator\":\"GlotPress\\\/4.0.3\",\"domain\":\"messages\",\"locale_data\":{\"messages\":{\"\":{\"domain\":\"messages\",\"plural-forms\":\"nplurals=2; plural=n > 1;\",\"lang\":\"fr\"},\"Notifications\":[\"Notifications\"]}},\"comment\":{\"reference\":\"wp-includes\\\/js\\\/dist\\\/a11y.js\"}} );\n\/\/# sourceURL=wp-a11y-js-translations\n<\/script>\n<script src=\"https:\/\/digitalconstruction.be\/wp-includes\/js\/dist\/a11y.min.js?ver=cb460b4676c94bd228ed\" id=\"wp-a11y-js\"><\/script>\n<script src=\"https:\/\/digitalconstruction.be\/wp-includes\/js\/jquery\/jquery.min.js?ver=3.7.1\" id=\"jquery-core-js\"><\/script>\n<script src=\"https:\/\/digitalconstruction.be\/wp-includes\/js\/jquery\/jquery-migrate.min.js?ver=3.4.1\" id=\"jquery-migrate-js\"><\/script>\n<script defer='defer' src=\"https:\/\/digitalconstruction.be\/wp-content\/plugins\/gravityforms\/js\/jquery.json.min.js?ver=2.10.0\" id=\"gform_json-js\"><\/script>\n<script id=\"gform_gravityforms-js-extra\">\nvar gf_global = {\"gf_currency_config\":{\"name\":\"Euro\",\"symbol_left\":\"\",\"symbol_right\":\"&#8364;\",\"symbol_padding\":\" \",\"thousand_separator\":\".\",\"decimal_separator\":\",\",\"decimals\":2,\"code\":\"EUR\"},\"base_url\":\"https:\/\/digitalconstruction.be\/wp-content\/plugins\/gravityforms\",\"number_formats\":[],\"spinnerUrl\":\"https:\/\/digitalconstruction.be\/wp-content\/plugins\/gravityforms\/images\/spinner.svg\",\"version_hash\":\"66a46df7267ac304363340761259ac59\",\"strings\":{\"newRowAdded\":\"Nouvelle ligne ajout\\u00e9e.\",\"rowRemoved\":\"Rang\\u00e9e supprim\\u00e9e\",\"formSaved\":\"Le formulaire a \\u00e9t\\u00e9 enregistr\\u00e9. Le contenu contient le lien pour retourner et terminer le formulaire.\"}};\n\/\/# sourceURL=gform_gravityforms-js-extra\n<\/script>\n<script defer='defer' src=\"https:\/\/digitalconstruction.be\/wp-content\/plugins\/gravityforms\/js\/gravityforms.min.js?ver=2.10.0\" id=\"gform_gravityforms-js\"><\/script>\n<script>\nvar gform;gform||(document.addEventListener(\"gform_main_scripts_loaded\",function(){gform.scriptsLoaded=!0}),document.addEventListener(\"gform\/theme\/scripts_loaded\",function(){gform.themeScriptsLoaded=!0}),window.addEventListener(\"DOMContentLoaded\",function(){gform.domLoaded=!0}),gform={domLoaded:!1,scriptsLoaded:!1,themeScriptsLoaded:!1,isFormEditor:()=>\"function\"==typeof InitializeEditor,callIfLoaded:function(o){return!(!gform.domLoaded||!gform.scriptsLoaded||!gform.themeScriptsLoaded&&!gform.isFormEditor()||(gform.isFormEditor()&&console.warn(\"The use of gform.initializeOnLoaded() is deprecated in the form editor context and will be removed in Gravity Forms 3.1.\"),o(),0))},initializeOnLoaded:function(o){gform.callIfLoaded(o)||(document.addEventListener(\"gform_main_scripts_loaded\",()=>{gform.scriptsLoaded=!0,gform.callIfLoaded(o)}),document.addEventListener(\"gform\/theme\/scripts_loaded\",()=>{gform.themeScriptsLoaded=!0,gform.callIfLoaded(o)}),window.addEventListener(\"DOMContentLoaded\",()=>{gform.domLoaded=!0,gform.callIfLoaded(o)}))},hooks:{action:{},filter:{}},addAction:function(o,r,e,t){gform.addHook(\"action\",o,r,e,t)},addFilter:function(o,r,e,t){gform.addHook(\"filter\",o,r,e,t)},doAction:function(o){gform.doHook(\"action\",o,arguments)},applyFilters:function(o){return gform.doHook(\"filter\",o,arguments)},removeAction:function(o,r){gform.removeHook(\"action\",o,r)},removeFilter:function(o,r,e){gform.removeHook(\"filter\",o,r,e)},addHook:function(o,r,e,t,n){null==gform.hooks[o][r]&&(gform.hooks[o][r]=[]);var d=gform.hooks[o][r];null==n&&(n=r+\"_\"+d.length),gform.hooks[o][r].push({tag:n,callable:e,priority:t=null==t?10:t})},doHook:function(r,o,e){var t;if(e=Array.prototype.slice.call(e,1),null!=gform.hooks[r][o]&&((o=gform.hooks[r][o]).sort(function(o,r){return o.priority-r.priority}),o.forEach(function(o){\"function\"!=typeof(t=o.callable)&&(t=window[t]),\"action\"==r?t.apply(null,e):e[0]=t.apply(null,e)})),\"filter\"==r)return e[0]},removeHook:function(o,r,t,n){var e;null!=gform.hooks[o][r]&&(e=(e=gform.hooks[o][r]).filter(function(o,r,e){return!!(null!=n&&n!=o.tag||null!=t&&t!=o.priority)}),gform.hooks[o][r]=e)}});\n<\/script>\n\n                <div class='gf_browser_gecko gform_wrapper gravity-theme gform-theme--no-framework' data-form-theme='gravity-theme' data-form-index='0' id='gform_wrapper_3' >\n                        <div class='gform_heading'>\n\t\t\t\t\t\t\t<p class='gform_required_legend'>\u00ab\u00a0<span class=\"gfield_required gfield_required_asterisk\">*<\/span>\u00a0\u00bb indique les champs n\u00e9cessaires<\/p>\n                        <\/div><form method='post' enctype='multipart\/form-data'  id='gform_3'  action='\/fr\/wp-json\/wp\/v2\/pages\/21500' data-formid='3' novalidate>\n                        <div class='gform-body gform_body'><div id='gform_fields_3' class='gform_fields left_label form_sublabel_above description_below validation_below'><fieldset id=\"field_3_2\" class=\"gfield gfield--type-name gfield--width-full gfield_contains_required field_sublabel_above gfield--no-description field_description_below field_validation_below gfield_visibility_visible\"  ><legend class='gfield_label gform-field-label gfield_label_before_complex' >Nom<span class=\"gfield_required\"><span class=\"gfield_required gfield_required_asterisk\">*<\/span><\/span><\/legend><div class='ginput_complex ginput_container ginput_container--name no_prefix has_first_name no_middle_name has_last_name no_suffix gf_name_has_2 ginput_container_name gform-grid-row' id='input_3_2'>\n                            \n                            <span id='input_3_2_3_container' class='name_first gform-grid-col gform-grid-col--size-auto' >\n                                                    <label for='input_3_2_3' class='gform-field-label gform-field-label--type-sub '>Pr\u00e9nom<\/label>\n                                                    <input type='text' name='input_2.3' id='input_3_2_3' value=''   aria-required='true'     \/>\n                                                <\/span>\n                            \n                            <span id='input_3_2_6_container' class='name_last gform-grid-col gform-grid-col--size-auto' >\n                                                            <label for='input_3_2_6' class='gform-field-label gform-field-label--type-sub '>Nom<\/label>\n                                                            <input type='text' name='input_2.6' id='input_3_2_6' value=''   aria-required='true'     \/>\n                                                        <\/span>\n                            \n                        <\/div><\/fieldset><div id=\"field_3_10\" class=\"gfield gfield--type-email gfield--width-full gfield_contains_required field_sublabel_above gfield--no-description field_description_below field_validation_below gfield_visibility_visible\"  ><label class='gfield_label gform-field-label' for='input_3_10'>Adresse mail<span class=\"gfield_required\"><span class=\"gfield_required gfield_required_asterisk\">*<\/span><\/span><\/label><div class='ginput_container ginput_container_email'>\n                            <input name='input_10' id='input_3_10' type='email' value='' class='large'    aria-required=\"true\" aria-invalid=\"false\"  \/>\n                        <\/div><\/div><div id=\"field_3_1\" class=\"gfield gfield--type-text gfield--width-full gfield_contains_required field_sublabel_above gfield--no-description field_description_below field_validation_below gfield_visibility_visible\"  ><label class='gfield_label gform-field-label' for='input_3_1'>Entreprise<span class=\"gfield_required\"><span class=\"gfield_required gfield_required_asterisk\">*<\/span><\/span><\/label><div class='ginput_container ginput_container_text'><input name='input_1' id='input_3_1' type='text' value='' class='medium'     aria-required=\"true\" aria-invalid=\"false\"   \/><\/div><\/div><fieldset id=\"field_3_11\" class=\"gfield gfield--type-consent gfield--type-choice gfield--input-type-consent gfield--width-full gfield_contains_required field_sublabel_above gfield--has-description field_description_below field_validation_below gfield_visibility_visible\"  ><legend class='gfield_label gform-field-label gfield_label_before_complex' >Consentement<span class=\"gfield_required\"><span class=\"gfield_required gfield_required_asterisk\">*<\/span><\/span><\/legend><div class='ginput_container ginput_container_consent'><input name='input_11.1' id='input_3_11_1' type='checkbox' value='1'  aria-describedby=\"gfield_consent_description_3_11\" aria-required=\"true\" aria-invalid=\"false\"   \/> <label class=\"gform-field-label gform-field-label--type-inline gfield_consent_label\" for='input_3_11_1' ><\/label><input type='hidden' name='input_11.2' value='' class='gform_hidden' \/><input type='hidden' name='input_11.3' value='1' class='gform_hidden' \/><\/div><div class='gfield_description gfield_consent_description' id='gfield_consent_description_3_11' tabindex='0'>Je comprends que Buildwise peut me contacter dans le cadre du rapport de subsides.<\/div><\/fieldset><\/div><\/div>\n        <div class='gform-footer gform_footer left_label'> <input type='submit' id='gform_submit_button_3' class='gform_button button' onclick='gform.submission.handleButtonClick(this);' data-submission-type='submit' value='Envoyer'  \/> \n            <input type='hidden' class='gform_hidden' name='gform_submission_method' data-js='gform_submission_method_3' value='postback' \/>\n            <input type='hidden' class='gform_hidden' name='gform_theme' data-js='gform_theme_3' id='gform_theme_3' value='gravity-theme' \/>\n            <input type='hidden' class='gform_hidden' name='gform_style_settings' data-js='gform_style_settings_3' id='gform_style_settings_3' value='' \/>\n            <input type='hidden' class='gform_hidden' name='is_submit_3' value='1' \/>\n            <input type='hidden' class='gform_hidden' name='gform_submit' value='3' \/>\n            \n            <input type='hidden' class='gform_hidden' name='gform_currency' data-currency='EUR' value='R3e5weI+R0h5\/fZO1ewudx8VnuzbhLuwhtJ6j2cMD+uV3KRMT8a9dgUQsDmxxRckW2gXsF3FEFgKc1JMPDs8fYOSK6Ml2gnFS6s8iAjH9HvPURc=' \/>\n            <input type='hidden' class='gform_hidden' name='gform_unique_id' value='' \/>\n            <input type='hidden' class='gform_hidden' name='state_3' value='WyJ7XCIxMS4xXCI6XCI3ZTAwMTI5NzY0NmU4MGRjODhmYWRhMjYzOGU5ZTZmNFwiLFwiMTEuMlwiOlwiOGYxODQ0OTdmOWUzMjY5NDI1Yzg1YjJhYjM1Y2IzMjBcIixcIjExLjNcIjpcIjdlMDAxMjk3NjQ2ZTgwZGM4OGZhZGEyNjM4ZTllNmY0XCJ9IiwiZDNmYzdkMGM1YmQ5ZTVhY2NkNjMyN2I0NDM2ZjBmYTkiXQ==' \/>\n            <input type='hidden' autocomplete='off' class='gform_hidden' name='gform_target_page_number_3' id='gform_target_page_number_3' value='0' \/>\n            <input type='hidden' autocomplete='off' class='gform_hidden' name='gform_source_page_number_3' id='gform_source_page_number_3' value='1' \/>\n            <input type='hidden' name='gform_field_values' value='' \/>\n            \n        <\/div>\n                        <\/form>\n                        <\/div><script>\ngform.initializeOnLoaded( function() {gformInitSpinner( 3, 'https:\/\/digitalconstruction.be\/wp-content\/plugins\/gravityforms\/images\/spinner.svg', true );jQuery('#gform_ajax_frame_3').on('load',function(){var contents = jQuery(this).contents().find('*').html();var is_postback = contents.indexOf('GF_AJAX_POSTBACK') >= 0;if(!is_postback){return;}var form_content = jQuery(this).contents().find('#gform_wrapper_3');var is_confirmation = jQuery(this).contents().find('#gform_confirmation_wrapper_3').length > 0;var is_redirect = contents.indexOf('gformRedirect(){') >= 0;var is_form = form_content.length > 0 && ! is_redirect && ! is_confirmation;var mt = parseInt(jQuery('html').css('margin-top'), 10) + parseInt(jQuery('body').css('margin-top'), 10) + 100;if(is_form){jQuery('#gform_wrapper_3').html(form_content.html());if(form_content.hasClass('gform_validation_error')){jQuery('#gform_wrapper_3').addClass('gform_validation_error');} else {jQuery('#gform_wrapper_3').removeClass('gform_validation_error');}setTimeout( function() { \/* delay the scroll by 50 milliseconds to fix a bug in chrome *\/  }, 50 );if(window['gformInitDatepicker']) {gformInitDatepicker();}if(window['gformInitPriceFields']) {gformInitPriceFields();}var current_page = jQuery('#gform_source_page_number_3').val();gformInitSpinner( 3, 'https:\/\/digitalconstruction.be\/wp-content\/plugins\/gravityforms\/images\/spinner.svg', true );jQuery(document).trigger('gform_page_loaded', [3, current_page]);window['gf_submitting_3'] = false;}else if(!is_redirect){var confirmation_content = jQuery(this).contents().find('.GF_AJAX_POSTBACK').html();if(!confirmation_content){confirmation_content = contents;}jQuery('#gform_wrapper_3').replaceWith(confirmation_content);jQuery(document).trigger('gform_confirmation_loaded', [3]);window['gf_submitting_3'] = false;wp.a11y.speak(jQuery('#gform_confirmation_message_3').text());}else{jQuery('#gform_3').append(contents);if(window['gformRedirect']) {gformRedirect();}}jQuery(document).trigger(\"gform_pre_post_render\", [{ formId: \"3\", currentPage: \"current_page\", abort: function() { this.preventDefault(); } }]);        if (event && event.defaultPrevented) {                return;        }        const gformWrapperDiv = document.getElementById( \"gform_wrapper_3\" );        if ( gformWrapperDiv ) {            const visibilitySpan = document.createElement( \"span\" );            visibilitySpan.id = \"gform_visibility_test_3\";            gformWrapperDiv.insertAdjacentElement( \"afterend\", visibilitySpan );        }        const visibilityTestDiv = document.getElementById( \"gform_visibility_test_3\" );        let postRenderFired = false;        function triggerPostRender() {            if ( postRenderFired ) {                return;            }            postRenderFired = true;            gform.core.triggerPostRenderEvents( 3, current_page );            if ( visibilityTestDiv ) {                visibilityTestDiv.parentNode.removeChild( visibilityTestDiv );            }        }        function debounce( func, wait, immediate ) {            var timeout;            return function() {                var context = this, args = arguments;                var later = function() {                    timeout = null;                    if ( !immediate ) func.apply( context, args );                };                var callNow = immediate && !timeout;                clearTimeout( timeout );                timeout = setTimeout( later, wait );                if ( callNow ) func.apply( context, args );            };        }        const debouncedTriggerPostRender = debounce( function() {            triggerPostRender();        }, 200 );        if ( visibilityTestDiv && visibilityTestDiv.offsetParent === null ) {            const observer = new MutationObserver( ( mutations ) => {                mutations.forEach( ( mutation ) => {                    if ( mutation.type === 'attributes' && visibilityTestDiv.offsetParent !== null ) {                        debouncedTriggerPostRender();                        observer.disconnect();                    }                });            });            observer.observe( document.body, {                attributes: true,                childList: false,                subtree: true,                attributeFilter: [ 'style', 'class' ],            });        } else {            triggerPostRender();        }    } );} );\n<\/script>\n\t\t\t\t<\/div>\n\t\t\t\t<\/div>\n\t\t\t\t\t<\/div>\n\t\t<\/div>\n\t\t\t\t\t<\/div>\n\t\t<\/section>\n\t\t\t\t<\/div>\n\t\t","protected":false},"excerpt":{"rendered":"<p>Veuillez remplir les champs ci-dessous pour acc\u00e9der \u00e0 la page des t\u00e9l\u00e9chargements. Nous demandons ces donn\u00e9es dans le but d&#8217;\u00e9tablir des rapports de projet \u00e0 l&#8217;intention de nos bailleurs de fonds. Nous avons ainsi une id\u00e9e du nombre d&#8217;utilisateurs et d&#8217;entreprises qui consultent et t\u00e9l\u00e9chargent ces informations. Vous \u00eates d\u00e9j\u00e0 en possession d&#8217;un mot de [&hellip;]<\/p>\n","protected":false},"author":14,"featured_media":0,"parent":0,"menu_order":0,"comment_status":"closed","ping_status":"closed","template":"","meta":{"content-type":"","_oasis_is_in_workflow":0,"_oasis_original":0,"site-sidebar-layout":"no-sidebar","site-content-layout":"page-builder","ast-site-content-layout":"default","site-content-style":"default","site-sidebar-style":"default","ast-global-header-display":"","ast-banner-title-visibility":"","ast-main-header-display":"","ast-hfb-above-header-display":"","ast-hfb-below-header-display":"","ast-hfb-mobile-header-display":"","site-post-title":"disabled","ast-breadcrumbs-content":"","ast-featured-img":"disabled","footer-sml-layout":"","ast-disable-related-posts":"","theme-transparent-header-meta":"default","adv-header-id-meta":"","stick-header-meta":"","header-above-stick-meta":"","header-main-stick-meta":"","header-below-stick-meta":"","astra-migrate-meta-layouts":"default","ast-page-background-enabled":"default","ast-page-background-meta":{"desktop":{"background-color":"","background-image":"","background-repeat":"repeat","background-position":"center center","background-size":"auto","background-attachment":"scroll","background-type":"","background-media":"","overlay-type":"","overlay-color":"","overlay-opacity":"","overlay-gradient":""},"tablet":{"background-color":"","background-image":"","background-repeat":"repeat","background-position":"center center","background-size":"auto","background-attachment":"scroll","background-type":"","background-media":"","overlay-type":"","overlay-color":"","overlay-opacity":"","overlay-gradient":""},"mobile":{"background-color":"","background-image":"","background-repeat":"repeat","background-position":"center center","background-size":"auto","background-attachment":"scroll","background-type":"","background-media":"","overlay-type":"","overlay-color":"","overlay-opacity":"","overlay-gradient":""}},"ast-content-background-meta":{"desktop":{"background-color":"var(--ast-global-color-5)","background-image":"","background-repeat":"repeat","background-position":"center center","background-size":"auto","background-attachment":"scroll","background-type":"","background-media":"","overlay-type":"","overlay-color":"","overlay-opacity":"","overlay-gradient":""},"tablet":{"background-color":"var(--ast-global-color-5)","background-image":"","background-repeat":"repeat","background-position":"center center","background-size":"auto","background-attachment":"scroll","background-type":"","background-media":"","overlay-type":"","overlay-color":"","overlay-opacity":"","overlay-gradient":""},"mobile":{"background-color":"var(--ast-global-color-5)","background-image":"","background-repeat":"repeat","background-position":"center center","background-size":"auto","background-attachment":"scroll","background-type":"","background-media":"","overlay-type":"","overlay-color":"","overlay-opacity":"","overlay-gradient":""}},"footnotes":""},"class_list":["post-21500","page","type-page","status-publish","hentry"],"_links":{"self":[{"href":"https:\/\/digitalconstruction.be\/fr\/wp-json\/wp\/v2\/pages\/21500","targetHints":{"allow":["GET"]}}],"collection":[{"href":"https:\/\/digitalconstruction.be\/fr\/wp-json\/wp\/v2\/pages"}],"about":[{"href":"https:\/\/digitalconstruction.be\/fr\/wp-json\/wp\/v2\/types\/page"}],"author":[{"embeddable":true,"href":"https:\/\/digitalconstruction.be\/fr\/wp-json\/wp\/v2\/users\/14"}],"replies":[{"embeddable":true,"href":"https:\/\/digitalconstruction.be\/fr\/wp-json\/wp\/v2\/comments?post=21500"}],"version-history":[{"count":5,"href":"https:\/\/digitalconstruction.be\/fr\/wp-json\/wp\/v2\/pages\/21500\/revisions"}],"predecessor-version":[{"id":21526,"href":"https:\/\/digitalconstruction.be\/fr\/wp-json\/wp\/v2\/pages\/21500\/revisions\/21526"}],"wp:attachment":[{"href":"https:\/\/digitalconstruction.be\/fr\/wp-json\/wp\/v2\/media?parent=21500"}],"curies":[{"name":"wp","href":"https:\/\/api.w.org\/{rel}","templated":true}]}}