{"id":17650,"date":"2022-03-04T12:25:08","date_gmt":"2022-03-04T11:25:08","guid":{"rendered":"https:\/\/digitalconstruction.be\/?page_id=17650"},"modified":"2022-12-02T15:37:28","modified_gmt":"2022-12-02T14:37:28","slug":"techcom","status":"publish","type":"page","link":"https:\/\/digitalconstruction.be\/fr\/techcom\/","title":{"rendered":"TechCom"},"content":{"rendered":"\t\t<div data-elementor-type=\"wp-page\" data-elementor-id=\"17650\" class=\"elementor elementor-17650 elementor-17641\" data-elementor-post-type=\"page\">\n\t\t\t\t\t\t<section class=\"has_ae_slider elementor-section elementor-top-section elementor-element elementor-element-2bf3fe3 elementor-section-boxed elementor-section-height-default elementor-section-height-default ae-bg-gallery-type-default\" data-id=\"2bf3fe3\" data-element_type=\"section\" data-e-type=\"section\">\n\t\t\t\t\t\t<div class=\"elementor-container elementor-column-gap-default\">\n\t\t\t\t\t<div class=\"has_ae_slider elementor-column elementor-col-100 elementor-top-column elementor-element elementor-element-227bb9c ae-bg-gallery-type-default\" data-id=\"227bb9c\" data-element_type=\"column\" data-e-type=\"column\">\n\t\t\t<div class=\"elementor-widget-wrap elementor-element-populated\">\n\t\t\t\t\t\t<div class=\"elementor-element elementor-element-8a2b017 elementor-widget elementor-widget-heading\" data-id=\"8a2b017\" data-element_type=\"widget\" data-e-type=\"widget\" data-widget_type=\"heading.default\">\n\t\t\t\t<div class=\"elementor-widget-container\">\n\t\t\t\t\t<h2 class=\"elementor-heading-title elementor-size-default\">Vous recherchez un fabricant, un fournisseur ou un prestataire de services ? Utilisez TechCom !<\/h2>\t\t\t\t<\/div>\n\t\t\t\t<\/div>\n\t\t\t\t<div class=\"elementor-element elementor-element-76b7189 elementor-widget elementor-widget-text-editor\" data-id=\"76b7189\" data-element_type=\"widget\" data-e-type=\"widget\" data-widget_type=\"text-editor.default\">\n\t\t\t\t<div class=\"elementor-widget-container\">\n\t\t\t\t\t\t\t\t\t<ul><li>GENERAL: <a href=\"https:\/\/www.buildwise.be\/fr\/produits-de-construction\/\" target=\"_blank\" rel=\"noopener\">TechCom<\/a><ul><li>R\u00e9alit\u00e9 virtuelle etr\u00e9alit\u00e9 augment\u00e9e:<ul><li><a href=\"https:\/\/www.cstc.be\/produits-de-construction\/chercher\/?category=Technologies+num%c3%a9riques+pour+le+secteur+de+la+construction+%3a+la+r%c3%a9alit%c3%a9+virtuelle%2c+la+r%c3%a9alit%c3%a9+augment%c3%a9e+ou+la+r%c3%a9alite+mixte\" target=\"_blank\" rel=\"noopener\">Technologies num\u00e9riques pour le secteur de la construction : la r\u00e9alit\u00e9 virtuelle, la r\u00e9alit\u00e9 augment\u00e9e ou la r\u00e9alite mixte<\/a><\/li><\/ul><\/li><li>Exosquelettes<ul><li><a href=\"https:\/\/www.cstc.be\/produits-de-construction\/chercher\/?category=Technologies+num%c3%a9riques+pour+le+secteur+de+la+construction+%3a+exosquelettes+(soutien+actif)\" target=\"_blank\" rel=\"noopener\">Technologies num\u00e9riques pour le secteur de la construction : exosquelettes (soutien actif)<\/a><\/li><li><a href=\"https:\/\/www.cstc.be\/produits-de-construction\/chercher\/?category=Technologies+num%c3%a9riques+pour+le+secteur+de+la+construction+%3a+exosquelettes+(soutien+passif)\" target=\"_blank\" rel=\"noopener\">Technologies num\u00e9riques pour le secteur de la construction : exosquelettes (soutien passif)<\/a><\/li><\/ul><\/li><li>Impression 3D<ul><li><a href=\"https:\/\/www.cstc.be\/produits-de-construction\/chercher\/?category=Technologies+num%c3%a9riques+pour+le+secteur+de+la+construction+%3a+impressions+3D+b%c3%a9ton\" target=\"_blank\" rel=\"noopener\">Technologies num\u00e9riques pour le secteur de la construction : impressions 3D b\u00e9ton<\/a><\/li><li><a href=\"https:\/\/www.cstc.be\/produits-de-construction\/chercher\/?category=Technologies+num%c3%a9riques+pour+le+secteur+de+la+construction+%3a+machines+d%27impressions+3D+b%c3%a9ton\" target=\"_blank\" rel=\"noopener\">Technologies num\u00e9riques pour le secteur de la construction : machines d&#8217;impressions 3D b\u00e9ton<\/a><\/li><\/ul><\/li><li>Internet of Things -&gt; pas de data<\/li><li>Intelligence artificielle -&gt; pas de data<\/li><li>Drones<ul><li><a href=\"https:\/\/www.cstc.be\/produits-de-construction\/chercher\/?category=Technologies+num%c3%a9riques+pour+le+secteur+de+la+construction+%3a+drones\" target=\"_blank\" rel=\"noopener\">Technologies num\u00e9riques pour le secteur de la construction : drones<\/a><\/li><li><a href=\"https:\/\/www.cstc.be\/produits-de-construction\/chercher\/?category=Technologies+num%c3%a9riques+pour+le+secteur+de+la+construction+%3a+contr%c3%b4le+des+ouvrages+par+drones\" target=\"_blank\" rel=\"noopener\">Technologies num\u00e9riques pour le secteur de la construction : contr\u00f4le des ouvrages par drones<\/a><\/li><li><a href=\"https:\/\/www.cstc.be\/produits-de-construction\/chercher\/?category=Information+concernant+les+soci%c3%a9t%c3%a9s+et+institutions+belges+reconnues+actives+dans+le+secteur+de+l%27aviation+sans+pilote+(drones)\" target=\"_blank\" rel=\"noopener\">Information concernant les soci\u00e9t\u00e9s et institutions belges reconnues actives dans le secteur de l&#8217;aviation sans pilote (drones)<\/a><\/li><\/ul><\/li><li>Photogramm\u00e9trie<ul><li><a href=\"https:\/\/www.cstc.be\/produits-de-construction\/chercher\/?category=Technologies+num%c3%a9riques+pour+le+secteur+de+la+construction+%3a+logiciels+photogramm%c3%a9trie+pour+le+secteur+de+la+construction\" target=\"_blank\" rel=\"noopener\">Technologies num\u00e9riques pour le secteur de la construction : logiciels photogramm\u00e9trie pour le secteur de la construction<\/a><\/li><\/ul><\/li><li>Laser scanning<ul><li><a href=\"https:\/\/www.cstc.be\/produits-de-construction\/chercher\/?category=Technologies+num%c3%a9riques+pour+le+secteur+de+la+construction+%3a+scanners+laser+3D\" target=\"_blank\" rel=\"noopener\">Technologies num\u00e9riques pour le secteur de la construction : scanners laser 3D<\/a><\/li><li><a href=\"https:\/\/www.cstc.be\/produits-de-construction\/chercher\/?category=Technologies+num%c3%a9riques+pour+le+secteur+de+la+construction+%3a+3D-laserscanning\" target=\"_blank\" rel=\"noopener\">Technologies num\u00e9riques pour le secteur de la construction : 3D-laserscanning<\/a><\/li><li><a href=\"https:\/\/www.cstc.be\/produits-de-construction\/chercher\/?category=Technologies+num%c3%a9riques+pour+le+secteur+de+la+construction+%3a+logiciels+pour+le+scan+3D\" target=\"_blank\" rel=\"noopener\">Technologies num\u00e9riques pour le secteur de la construction : logiciels pour le scan 3D<\/a><\/li><\/ul><\/li><li>BIM<ul><li><a href=\"https:\/\/www.cstc.be\/produits-de-construction\/chercher\/?category=Technologies+num%c3%a9riques+pour+le+secteur+de+la+construction+%3a+viewers+(visualiseurs+de+mod%c3%a8les)\" target=\"_blank\" rel=\"noopener\">Technologies num\u00e9riques pour le secteur de la construction : viewers (visualiseurs de mod\u00e8les)<\/a><\/li><li><a href=\"https:\/\/www.cstc.be\/produits-de-construction\/chercher\/?category=Technologies+num%c3%a9riques+pour+le+secteur+de+la+construction+%3a+building+information+modelling+(logiciels+de+bim)\" target=\"_blank\" rel=\"noopener\">Technologies num\u00e9riques pour le secteur de la construction : building information modelling (logiciels de bim)<\/a><\/li><li><a href=\"https:\/\/www.cstc.be\/produits-de-construction\/chercher\/?category=Technologies+num%c3%a9riques+pour+le+secteur+de+la+construction+%3a+logiciels+pour+les+objets+bim\" target=\"_blank\" rel=\"noopener\">Technologies num\u00e9riques pour le secteur de la construction : logiciels pour les objets bim<\/a><\/li><li><a href=\"https:\/\/www.cstc.be\/produits-de-construction\/chercher\/?category=Technologies+num%c3%a9riques+pour+le+secteur+de+la+construction+%3a+logiciels+pour+les+co%c3%bbts+(5d)\" target=\"_blank\" rel=\"noopener\">Technologies num\u00e9riques pour le secteur de la construction : logiciels pour les co\u00fbts (5d)<\/a><\/li><li><a href=\"https:\/\/www.cstc.be\/produits-de-construction\/chercher\/?category=Technologies+num%c3%a9riques+pour+le+secteur+de+la+construction+%3a+logiciels+pour+les+cahiers+de+charges\" target=\"_blank\" rel=\"noopener\">Technologies num\u00e9riques pour le secteur de la construction : logiciels pour les cahiers de charges<\/a><\/li><li><a href=\"https:\/\/www.cstc.be\/produits-de-construction\/chercher\/?category=Technologies+num%c3%a9riques+pour+le+secteur+de+la+construction+%3a+logiciels+pour+les+simulations+%c3%a9nerg%c3%a9tiques\" target=\"_blank\" rel=\"noopener\">Technologies num\u00e9riques pour le secteur de la construction : logiciels pour les simulations \u00e9nerg\u00e9tiques<\/a><\/li><li><a href=\"https:\/\/www.cstc.be\/produits-de-construction\/chercher\/?category=Technologies+num%c3%a9riques+pour+le+secteur+de+la+construction+%3a+logiciels+pour+le+facility+management\" target=\"_blank\" rel=\"noopener\">Technologies num\u00e9riques pour le secteur de la construction : logiciels pour le facility management<\/a><\/li><li><a href=\"https:\/\/www.cstc.be\/produits-de-construction\/chercher\/?category=Technologies+num%c3%a9riques+pour+le+secteur+de+la+construction+%3a+logiciels+pour+la+collaboration+bas%c3%a9e+sur+le+cloud\" target=\"_blank\" rel=\"noopener\">Technologies num\u00e9riques pour le secteur de la construction : logiciels pour la collaboration bas\u00e9e sur le cloud<\/a><\/li><li><a href=\"https:\/\/www.cstc.be\/produits-de-construction\/chercher\/?category=Technologies+num%c3%a9riques+pour+le+secteur+de+la+construction+%3a+logiciels+pour+la+mod%c3%a9lisation+architecturale\" target=\"_blank\" rel=\"noopener\">Technologies num\u00e9riques pour le secteur de la construction : logiciels pour la mod\u00e9lisation architecturale<\/a><\/li><li><a href=\"https:\/\/www.cstc.be\/produits-de-construction\/chercher\/?category=Technologies+num%c3%a9riques+pour+le+secteur+de+la+construction+%3a+logiciels+pour+la+fabrication+(pr%c3%a9paration)\" target=\"_blank\" rel=\"noopener\">Technologies num\u00e9riques pour le secteur de la construction : logiciels pour la fabrication (pr\u00e9paration)<\/a><\/li><li><a href=\"https:\/\/www.cstc.be\/produits-de-construction\/chercher\/?category=Technologies+num%c3%a9riques+pour+le+secteur+de+la+construction+%3a+logiciels+pour+les+syst%c3%a8mes+m%c3%a9caniques%2c+%c3%a9lectriques+et+de+plomberie+(mep)\" target=\"_blank\" rel=\"noopener\">Technologies num\u00e9riques pour le secteur de la construction : logiciels pour les syst\u00e8mes m\u00e9caniques, \u00e9lectriques et de plomberie (mep)<\/a><\/li><li><a href=\"https:\/\/www.cstc.be\/produits-de-construction\/chercher\/?category=Technologies+num%c3%a9riques+pour+le+secteur+de+la+construction+%3a+logiciels+pour+la+conception+des+structures+et+de+la+stabilit%c3%a9\" target=\"_blank\" rel=\"noopener\">Technologies num\u00e9riques pour le secteur de la construction : logiciels pour la conception des structures et de la stabilit\u00e9<\/a><\/li><li><a href=\"https:\/\/www.cstc.be\/produits-de-construction\/chercher\/?category=Technologies+num%c3%a9riques+pour+le+secteur+de+la+construction+%3a+logiciels+pour+la+coordination+g%c3%a9n%c3%a9rale%2c+le+contr%c3%b4le+du+mod%c3%a8le+bim%2c+le+planning+(4d)+et+l%27ex%c3%a9cution\" target=\"_blank\" rel=\"noopener\">Technologies num\u00e9riques pour le secteur de la construction : logiciels pour la coordination g\u00e9n\u00e9rale, le contr\u00f4le du mod\u00e8le bim, le planning (4d) et l&#8217;ex\u00e9cution<\/a><\/li><\/ul><\/li><\/ul><\/li><\/ul>\t\t\t\t\t\t\t\t<\/div>\n\t\t\t\t<\/div>\n\t\t\t\t\t<\/div>\n\t\t<\/div>\n\t\t\t\t\t<\/div>\n\t\t<\/section>\n\t\t\t\t<\/div>\n\t\t","protected":false},"excerpt":{"rendered":"<p>Vous recherchez un fabricant, un fournisseur ou un prestataire de services ? Utilisez TechCom ! GENERAL: TechCom R\u00e9alit\u00e9 virtuelle etr\u00e9alit\u00e9 augment\u00e9e: Technologies num\u00e9riques pour le secteur de la construction : la r\u00e9alit\u00e9 virtuelle, la r\u00e9alit\u00e9 augment\u00e9e ou la r\u00e9alite mixte Exosquelettes Technologies num\u00e9riques pour le secteur de la construction : exosquelettes (soutien actif) Technologies num\u00e9riques [&hellip;]<\/p>\n","protected":false},"author":14,"featured_media":0,"parent":0,"menu_order":0,"comment_status":"closed","ping_status":"closed","template":"","meta":{"content-type":"","_oasis_is_in_workflow":0,"_oasis_original":0,"site-sidebar-layout":"no-sidebar","site-content-layout":"page-builder","ast-site-content-layout":"default","site-content-style":"default","site-sidebar-style":"default","ast-global-header-display":"","ast-banner-title-visibility":"","ast-main-header-display":"","ast-hfb-above-header-display":"","ast-hfb-below-header-display":"","ast-hfb-mobile-header-display":"","site-post-title":"disabled","ast-breadcrumbs-content":"","ast-featured-img":"disabled","footer-sml-layout":"","ast-disable-related-posts":"","theme-transparent-header-meta":"","adv-header-id-meta":"","stick-header-meta":"","header-above-stick-meta":"","header-main-stick-meta":"","header-below-stick-meta":"","astra-migrate-meta-layouts":"default","ast-page-background-enabled":"default","ast-page-background-meta":{"desktop":{"background-color":"","background-image":"","background-repeat":"repeat","background-position":"center center","background-size":"auto","background-attachment":"scroll","background-type":"","background-media":"","overlay-type":"","overlay-color":"","overlay-opacity":"","overlay-gradient":""},"tablet":{"background-color":"","background-image":"","background-repeat":"repeat","background-position":"center center","background-size":"auto","background-attachment":"scroll","background-type":"","background-media":"","overlay-type":"","overlay-color":"","overlay-opacity":"","overlay-gradient":""},"mobile":{"background-color":"","background-image":"","background-repeat":"repeat","background-position":"center center","background-size":"auto","background-attachment":"scroll","background-type":"","background-media":"","overlay-type":"","overlay-color":"","overlay-opacity":"","overlay-gradient":""}},"ast-content-background-meta":{"desktop":{"background-color":"var(--ast-global-color-5)","background-image":"","background-repeat":"repeat","background-position":"center center","background-size":"auto","background-attachment":"scroll","background-type":"","background-media":"","overlay-type":"","overlay-color":"","overlay-opacity":"","overlay-gradient":""},"tablet":{"background-color":"var(--ast-global-color-5)","background-image":"","background-repeat":"repeat","background-position":"center center","background-size":"auto","background-attachment":"scroll","background-type":"","background-media":"","overlay-type":"","overlay-color":"","overlay-opacity":"","overlay-gradient":""},"mobile":{"background-color":"var(--ast-global-color-5)","background-image":"","background-repeat":"repeat","background-position":"center center","background-size":"auto","background-attachment":"scroll","background-type":"","background-media":"","overlay-type":"","overlay-color":"","overlay-opacity":"","overlay-gradient":""}},"footnotes":""},"class_list":["post-17650","page","type-page","status-publish","hentry"],"_links":{"self":[{"href":"https:\/\/digitalconstruction.be\/fr\/wp-json\/wp\/v2\/pages\/17650","targetHints":{"allow":["GET"]}}],"collection":[{"href":"https:\/\/digitalconstruction.be\/fr\/wp-json\/wp\/v2\/pages"}],"about":[{"href":"https:\/\/digitalconstruction.be\/fr\/wp-json\/wp\/v2\/types\/page"}],"author":[{"embeddable":true,"href":"https:\/\/digitalconstruction.be\/fr\/wp-json\/wp\/v2\/users\/14"}],"replies":[{"embeddable":true,"href":"https:\/\/digitalconstruction.be\/fr\/wp-json\/wp\/v2\/comments?post=17650"}],"version-history":[{"count":11,"href":"https:\/\/digitalconstruction.be\/fr\/wp-json\/wp\/v2\/pages\/17650\/revisions"}],"predecessor-version":[{"id":20336,"href":"https:\/\/digitalconstruction.be\/fr\/wp-json\/wp\/v2\/pages\/17650\/revisions\/20336"}],"wp:attachment":[{"href":"https:\/\/digitalconstruction.be\/fr\/wp-json\/wp\/v2\/media?parent=17650"}],"curies":[{"name":"wp","href":"https:\/\/api.w.org\/{rel}","templated":true}]}}