{"id":16798,"date":"2022-01-27T12:35:28","date_gmt":"2022-01-27T11:35:28","guid":{"rendered":"https:\/\/digitalconstruction.be\/?page_id=16798"},"modified":"2022-06-30T11:55:36","modified_gmt":"2022-06-30T09:55:36","slug":"cluster-gt-technology-demonstrators","status":"publish","type":"page","link":"https:\/\/digitalconstruction.be\/fr\/cluster-gt-technology-demonstrators\/","title":{"rendered":"Cluster GT Technology Demonstrators"},"content":{"rendered":"\t\t<div data-elementor-type=\"wp-page\" data-elementor-id=\"16798\" class=\"elementor elementor-16798 elementor-16792\" data-elementor-post-type=\"page\">\n\t\t\t\t\t\t<section class=\"has_ae_slider elementor-section elementor-top-section elementor-element elementor-element-6cd7809 elementor-section-boxed elementor-section-height-default elementor-section-height-default ae-bg-gallery-type-default\" data-id=\"6cd7809\" data-element_type=\"section\" data-e-type=\"section\">\n\t\t\t\t\t\t<div class=\"elementor-container elementor-column-gap-default\">\n\t\t\t\t\t<div class=\"has_ae_slider elementor-column elementor-col-100 elementor-top-column elementor-element elementor-element-30f7db1 ae-bg-gallery-type-default\" data-id=\"30f7db1\" data-element_type=\"column\" data-e-type=\"column\">\n\t\t\t<div class=\"elementor-widget-wrap elementor-element-populated\">\n\t\t\t\t\t\t<div class=\"elementor-element elementor-element-d012650 elementor-widget elementor-widget-heading\" data-id=\"d012650\" data-element_type=\"widget\" data-e-type=\"widget\" data-widget_type=\"heading.default\">\n\t\t\t\t<div class=\"elementor-widget-container\">\n\t\t\t\t\t<h4 class=\"elementor-heading-title elementor-size-default\">Description<\/h4>\t\t\t\t<\/div>\n\t\t\t\t<\/div>\n\t\t\t\t\t<\/div>\n\t\t<\/div>\n\t\t\t\t\t<\/div>\n\t\t<\/section>\n\t\t\t\t<section class=\"has_ae_slider elementor-section elementor-top-section elementor-element elementor-element-4e62388 elementor-section-boxed elementor-section-height-default elementor-section-height-default ae-bg-gallery-type-default\" data-id=\"4e62388\" data-element_type=\"section\" data-e-type=\"section\">\n\t\t\t\t\t\t<div class=\"elementor-container elementor-column-gap-default\">\n\t\t\t\t\t<div class=\"has_ae_slider elementor-column elementor-col-100 elementor-top-column elementor-element elementor-element-a6cbd06 ae-bg-gallery-type-default\" data-id=\"a6cbd06\" data-element_type=\"column\" data-e-type=\"column\">\n\t\t\t<div class=\"elementor-widget-wrap elementor-element-populated\">\n\t\t\t\t\t\t<div class=\"elementor-element elementor-element-6ed91aa elementor-widget elementor-widget-text-editor\" data-id=\"6ed91aa\" data-element_type=\"widget\" data-e-type=\"widget\" data-widget_type=\"text-editor.default\">\n\t\t\t\t<div class=\"elementor-widget-container\">\n\t\t\t\t\t\t\t\t\t<table width=\"1446\"><tbody><tr><td width=\"405\"><p><b>GT + <\/b><b>th\u00e9matique<\/b> <b>trait\u00e9e<\/b><\/p><\/td><td width=\"184\"><p><b>Animateurs<\/b><\/p><\/td><td width=\"199\"><p><b>Pr\u00e9sident<\/b><\/p><\/td><td width=\"659\"><p><b>Objectif 2022<\/b><\/p><\/td><\/tr><tr><td width=\"405\"><p><b>GT Technology Demonstrators<\/b><\/p><p>Ce GT se penche sur les technologies qui peuvent aider les entrepreneurs dans leurs t\u00e2ches quotidiennes<\/p><\/td><td width=\"184\"><p>Charlotte Euben &amp;<\/p><p>Timoth\u00e9e Lonfils<\/p><\/td><td width=\"199\"><p>\u00a0<\/p><\/td><td width=\"659\"><p><span class=\"VIiyi\" lang=\"fr\"><span class=\"JLqJ4b ChMk0b\" data-language-for-alternatives=\"fr\" data-language-to-translate-into=\"nl\" data-phrase-index=\"0\" data-number-of-phrases=\"2\">Discuter des diff\u00e9rentes applications\/possibilit\u00e9s des diff\u00e9rentes technologies num\u00e9riques, les <strong>rechercher et les tester collectivement<\/strong> sur la base de <strong>cas pratiques<\/strong>.<\/span> <span class=\"JLqJ4b ChMk0b\" data-language-for-alternatives=\"fr\" data-language-to-translate-into=\"nl\" data-phrase-index=\"1\" data-number-of-phrases=\"2\">Si vous le souhaitez, les fournisseurs de technologies peuvent \u00eatre impliqu\u00e9s et des opportunit\u00e9s de <strong>co-cr\u00e9ation<\/strong> peuvent se pr\u00e9senter.<\/span><\/span><\/p><\/td><\/tr><\/tbody><\/table>\t\t\t\t\t\t\t\t<\/div>\n\t\t\t\t<\/div>\n\t\t\t\t\t<\/div>\n\t\t<\/div>\n\t\t\t\t\t<\/div>\n\t\t<\/section>\n\t\t\t\t<section class=\"has_ae_slider elementor-section elementor-top-section elementor-element elementor-element-edeae1f elementor-section-boxed elementor-section-height-default elementor-section-height-default ae-bg-gallery-type-default\" data-id=\"edeae1f\" data-element_type=\"section\" data-e-type=\"section\">\n\t\t\t\t\t\t<div class=\"elementor-container elementor-column-gap-default\">\n\t\t\t\t\t<div class=\"has_ae_slider elementor-column elementor-col-33 elementor-top-column elementor-element elementor-element-07c9aaf ae-bg-gallery-type-default\" data-id=\"07c9aaf\" data-element_type=\"column\" data-e-type=\"column\">\n\t\t\t<div class=\"elementor-widget-wrap elementor-element-populated\">\n\t\t\t\t\t\t<div class=\"elementor-element elementor-element-af3df75 elementor-widget elementor-widget-heading\" data-id=\"af3df75\" data-element_type=\"widget\" data-e-type=\"widget\" data-widget_type=\"heading.default\">\n\t\t\t\t<div class=\"elementor-widget-container\">\n\t\t\t\t\t<h4 class=\"elementor-heading-title elementor-size-default\">T\u00e9l\u00e9chargements<\/h4>\t\t\t\t<\/div>\n\t\t\t\t<\/div>\n\t\t\t\t<div class=\"elementor-element elementor-element-69457d7 elementor-widget elementor-widget-text-editor\" data-id=\"69457d7\" data-element_type=\"widget\" data-e-type=\"widget\" data-widget_type=\"text-editor.default\">\n\t\t\t\t<div class=\"elementor-widget-container\">\n\t\t\t\t\t\t\t\t\t<p><span class=\"VIiyi\" lang=\"nl\"><span class=\"JLqJ4b ChMk0b\" data-language-for-alternatives=\"nl\" data-language-to-translate-into=\"fr\" data-phrase-index=\"0\" data-number-of-phrases=\"1\"><strong>Disponibles pour tous:<\/strong><br \/><\/span><\/span><\/p><ul><li>\u00a0<\/li><\/ul><p><strong>R\u00e9serv\u00e9s aux membres du Cluster Digital Construction:<\/strong><\/p><ul><li><a href=\"https:\/\/bbri.sharepoint.com\/:f:\/r\/sites\/team-ctc-commiccion-hygrothermy-WGTechnologyDemonstrators\/Gedeelde documenten\/WG Technology Demonstrators\/Meetings?csf=1&amp;web=1&amp;e=1YRVtP\" target=\"_blank\" rel=\"noopener\" data-wplink-url-error=\"true\">Pr\u00e9sentations relatives aux r\u00e9unions de ce groupe<\/a><\/li><\/ul>\t\t\t\t\t\t\t\t<\/div>\n\t\t\t\t<\/div>\n\t\t\t\t\t<\/div>\n\t\t<\/div>\n\t\t\t\t<div class=\"has_ae_slider elementor-column elementor-col-33 elementor-top-column elementor-element elementor-element-4c015f2 ae-bg-gallery-type-default\" data-id=\"4c015f2\" data-element_type=\"column\" data-e-type=\"column\">\n\t\t\t<div class=\"elementor-widget-wrap elementor-element-populated\">\n\t\t\t\t\t\t<div class=\"elementor-element elementor-element-6f928d7 elementor-widget elementor-widget-heading\" data-id=\"6f928d7\" data-element_type=\"widget\" data-e-type=\"widget\" data-widget_type=\"heading.default\">\n\t\t\t\t<div class=\"elementor-widget-container\">\n\t\t\t\t\t<h4 class=\"elementor-heading-title elementor-size-default\">Voir aussi<\/h4>\t\t\t\t<\/div>\n\t\t\t\t<\/div>\n\t\t\t\t<div class=\"elementor-element elementor-element-f8ab9e4 elementor-widget elementor-widget-text-editor\" data-id=\"f8ab9e4\" data-element_type=\"widget\" data-e-type=\"widget\" data-widget_type=\"text-editor.default\">\n\t\t\t\t<div class=\"elementor-widget-container\">\n\t\t\t\t\t\t\t\t\t<ul><li><a href=\"https:\/\/digitalconstruction.be\/fr\/demonstrations\/?_\">Demonstrations: Digital Construction<\/a><\/li><li><a href=\"https:\/\/digitalconstruction.be\/fr\/case\/\">Cases: Digital Construction<\/a><\/li><li><a href=\"https:\/\/digitalconstruction.be\/nl\/technologies\/\">Technologies: Digital Construction<\/a><\/li><\/ul>\t\t\t\t\t\t\t\t<\/div>\n\t\t\t\t<\/div>\n\t\t\t\t\t<\/div>\n\t\t<\/div>\n\t\t\t\t<div class=\"has_ae_slider elementor-column elementor-col-33 elementor-top-column elementor-element elementor-element-d8c9fc2 ae-bg-gallery-type-default\" data-id=\"d8c9fc2\" data-element_type=\"column\" data-e-type=\"column\">\n\t\t\t<div class=\"elementor-widget-wrap elementor-element-populated\">\n\t\t\t\t\t\t<div class=\"elementor-element elementor-element-eb16275 elementor-widget elementor-widget-heading\" data-id=\"eb16275\" data-element_type=\"widget\" data-e-type=\"widget\" data-widget_type=\"heading.default\">\n\t\t\t\t<div class=\"elementor-widget-container\">\n\t\t\t\t\t<h4 class=\"elementor-heading-title elementor-size-default\">Membres<\/h4>\t\t\t\t<\/div>\n\t\t\t\t<\/div>\n\t\t\t\t\t<\/div>\n\t\t<\/div>\n\t\t\t\t\t<\/div>\n\t\t<\/section>\n\t\t\t\t<\/div>\n\t\t","protected":false},"excerpt":{"rendered":"<p>Description GT + th\u00e9matique trait\u00e9e Animateurs Pr\u00e9sident Objectif 2022 GT Technology Demonstrators Ce GT se penche sur les technologies qui peuvent aider les entrepreneurs dans leurs t\u00e2ches quotidiennes Charlotte Euben &amp; Timoth\u00e9e Lonfils Discuter des diff\u00e9rentes applications\/possibilit\u00e9s des diff\u00e9rentes technologies num\u00e9riques, les rechercher et les tester collectivement sur la base de cas pratiques. Si vous [&hellip;]<\/p>\n","protected":false},"author":14,"featured_media":0,"parent":0,"menu_order":0,"comment_status":"closed","ping_status":"closed","template":"","meta":{"content-type":"","_oasis_is_in_workflow":0,"_oasis_original":0,"site-sidebar-layout":"no-sidebar","site-content-layout":"page-builder","ast-site-content-layout":"default","site-content-style":"default","site-sidebar-style":"default","ast-global-header-display":"","ast-banner-title-visibility":"","ast-main-header-display":"","ast-hfb-above-header-display":"","ast-hfb-below-header-display":"","ast-hfb-mobile-header-display":"","site-post-title":"disabled","ast-breadcrumbs-content":"","ast-featured-img":"disabled","footer-sml-layout":"","ast-disable-related-posts":"","theme-transparent-header-meta":"default","adv-header-id-meta":"","stick-header-meta":"","header-above-stick-meta":"","header-main-stick-meta":"","header-below-stick-meta":"","astra-migrate-meta-layouts":"default","ast-page-background-enabled":"default","ast-page-background-meta":{"desktop":{"background-color":"","background-image":"","background-repeat":"repeat","background-position":"center center","background-size":"auto","background-attachment":"scroll","background-type":"","background-media":"","overlay-type":"","overlay-color":"","overlay-opacity":"","overlay-gradient":""},"tablet":{"background-color":"","background-image":"","background-repeat":"repeat","background-position":"center center","background-size":"auto","background-attachment":"scroll","background-type":"","background-media":"","overlay-type":"","overlay-color":"","overlay-opacity":"","overlay-gradient":""},"mobile":{"background-color":"","background-image":"","background-repeat":"repeat","background-position":"center center","background-size":"auto","background-attachment":"scroll","background-type":"","background-media":"","overlay-type":"","overlay-color":"","overlay-opacity":"","overlay-gradient":""}},"ast-content-background-meta":{"desktop":{"background-color":"var(--ast-global-color-5)","background-image":"","background-repeat":"repeat","background-position":"center center","background-size":"auto","background-attachment":"scroll","background-type":"","background-media":"","overlay-type":"","overlay-color":"","overlay-opacity":"","overlay-gradient":""},"tablet":{"background-color":"var(--ast-global-color-5)","background-image":"","background-repeat":"repeat","background-position":"center center","background-size":"auto","background-attachment":"scroll","background-type":"","background-media":"","overlay-type":"","overlay-color":"","overlay-opacity":"","overlay-gradient":""},"mobile":{"background-color":"var(--ast-global-color-5)","background-image":"","background-repeat":"repeat","background-position":"center center","background-size":"auto","background-attachment":"scroll","background-type":"","background-media":"","overlay-type":"","overlay-color":"","overlay-opacity":"","overlay-gradient":""}},"footnotes":""},"class_list":["post-16798","page","type-page","status-publish","hentry"],"_links":{"self":[{"href":"https:\/\/digitalconstruction.be\/fr\/wp-json\/wp\/v2\/pages\/16798","targetHints":{"allow":["GET"]}}],"collection":[{"href":"https:\/\/digitalconstruction.be\/fr\/wp-json\/wp\/v2\/pages"}],"about":[{"href":"https:\/\/digitalconstruction.be\/fr\/wp-json\/wp\/v2\/types\/page"}],"author":[{"embeddable":true,"href":"https:\/\/digitalconstruction.be\/fr\/wp-json\/wp\/v2\/users\/14"}],"replies":[{"embeddable":true,"href":"https:\/\/digitalconstruction.be\/fr\/wp-json\/wp\/v2\/comments?post=16798"}],"version-history":[{"count":9,"href":"https:\/\/digitalconstruction.be\/fr\/wp-json\/wp\/v2\/pages\/16798\/revisions"}],"predecessor-version":[{"id":18560,"href":"https:\/\/digitalconstruction.be\/fr\/wp-json\/wp\/v2\/pages\/16798\/revisions\/18560"}],"wp:attachment":[{"href":"https:\/\/digitalconstruction.be\/fr\/wp-json\/wp\/v2\/media?parent=16798"}],"curies":[{"name":"wp","href":"https:\/\/api.w.org\/{rel}","templated":true}]}}